{"id":6281,"date":"2026-03-09T08:43:53","date_gmt":"2026-03-09T07:43:53","guid":{"rendered":"https:\/\/lenaal.com.pl\/karriere\/"},"modified":"2026-03-31T15:01:26","modified_gmt":"2026-03-31T13:01:26","slug":"karriere","status":"publish","type":"page","link":"https:\/\/lenaal.com.pl\/de\/karriere\/","title":{"rendered":"Karriere"},"content":{"rendered":"<div class=\"wpb-content-wrapper\"><p>[vc_row full_width=&#8220;stretch_row_content_no_spaces&#8220; _et_uniqid=&#8220;et_custom_uniqid_new_69ae7a7492723&#8243; min_height=&#8220;22.5rem&#8220; css=&#8220;.vc_custom_1773042300315{background-image: url(https:\/\/lenaal.com.pl\/wp-content\/uploads\/2026\/03\/3-1-Kariera.webp?id=5872) !important;background-position: center !important;background-repeat: no-repeat !important;background-size: cover !important;}&#8220;][vc_column _et_uniqid=&#8220;et_custom_uniqid_new_6943e1cf66e5d&#8220;][\/vc_column][\/vc_row][vc_row][vc_column][vc_column_text css=&#8220;&#8220;]Lenaal ist ein modernes Produktionsunternehmen, das im Bereich des Aluminium-Druckgusses t\u00e4tig ist und mit Partnern aus verschiedenen Industriezweigen zusammenarbeitet. Unsere St\u00e4rke sind die Menschen \u2013 ihr Wissen, ihre Erfahrung sowie ihr Engagement f\u00fcr die t\u00e4gliche Arbeit an Qualit\u00e4t und technologischer Weiterentwicklung.<br \/>\nDie Fertigungsindustrie entwickelt sich st\u00e4ndig weiter, und damit steigen auch die Anforderungen an Pr\u00e4zision, Innovation und Zuverl\u00e4ssigkeit. Bei Lenaal konzentrieren wir uns auf die kontinuierliche Verbesserung unserer Prozesse sowie auf die Weiterentwicklung der Kompetenzen unseres Teams. Dadurch sind wir in der Lage, komplexe Projekte umzusetzen und langfristige Beziehungen zu unseren Gesch\u00e4ftspartnern aufzubauen.<\/p>\n<p><strong>Werden Sie Teil unseres Teams<\/strong><br \/>\nWir suchen engagierte, verantwortungsbewusste und entwicklungsorientierte Pers\u00f6nlichkeiten. Wir sch\u00e4tzen sowohl Erfahrung als auch die Bereitschaft, neue F\u00e4higkeiten zu erwerben. Unabh\u00e4ngig davon, ob Sie ein erfahrener Spezialist, ein Absolvent einer technischen Hochschule oder am Anfang Ihrer beruflichen Laufbahn stehen \u2013 bei Lenaal finden Sie ein Umfeld, das Ihre Entwicklung f\u00f6rdert.<br \/>\nWir bieten eine stabile Besch\u00e4ftigung, M\u00f6glichkeiten zur Erweiterung Ihrer Kompetenzen sowie die Arbeit in einem Team, das auf Zusammenarbeit, Professionalit\u00e4t und hohe Qualit\u00e4tsstandards setzt.<\/p>\n<p><strong>Warum bei Lenaal arbeiten?<\/strong><br \/>\n&#8211; stabile Besch\u00e4ftigung in einem wachsenden Produktionsunternehmen<br \/>\n&#8211; M\u00f6glichkeiten zur beruflichen Weiterentwicklung und Qualifizierung<br \/>\n&#8211; modernes Arbeitsumfeld und Mitwirkung an der Entwicklung von Produktionstechnologien<br \/>\n&#8211; Zusammenarbeit in einem Team, das auf Partnerschaft und gegenseitige Unterst\u00fctzung setzt<br \/>\n&#8211; Beteiligung an Projekten f\u00fcr anspruchsvolle Industriezweige<\/p>\n<p>Aktuelle Stellenangebote finden Sie im Bereich \u201e<span style=\"color: #0000ff;\"><a style=\"color: #0000ff;\" href=\"https:\/\/lenaal.com.pl\/de\/karriere\/stellenangebote\/\"><strong>Stellenangebote<\/strong><\/a><\/span>\u201c, in dem wir Informationen zu den derzeit offenen Positionen ver\u00f6ffentlichen.<br \/>\nWenn Sie Student sind und erste Berufserfahrungen sammeln m\u00f6chten, besuchen Sie bitte den Bereich \u201e<a href=\"https:\/\/lenaal.com.pl\/de\/karriere\/studentenbereich\/\"><strong><span style=\"color: #33cccc;\"><span style=\"color: #0000ff;\">Studentenbereich<\/span><\/span><\/strong><\/a>\u201c. Dort finden Sie Informationen zu bezahlten Praktika sowie zu Entwicklungsm\u00f6glichkeiten in unserem Unternehmen.<br \/>\nWenn Sie Ihre Karriere in einem dynamischen Produktionsumfeld weiterentwickeln und einen echten Einfluss auf die Entwicklung moderner technologischer Prozesse haben m\u00f6chten \u2013 dann laden wir Sie ein, Teil des Lenaal-Teams zu werden.[\/vc_column_text][\/vc_column][\/vc_row]<\/p>\n<\/div>","protected":false},"excerpt":{"rendered":"<p>[vc_row full_width=&#8220;stretch_row_content_no_spaces&#8220; _et_uniqid=&#8220;et_custom_uniqid_new_69ae7a7492723&#8243; min_height=&#8220;22.5rem&#8220; css=&#8220;.vc_custom_1773042300315{background-image: url(https:\/\/lenaal.com.pl\/wp-content\/uploads\/2026\/03\/3-1-Kariera.webp?id=5872) !important;background-position: center !important;background-repeat: no-repeat !important;background-size: cover !important;}&#8220;][vc_column _et_uniqid=&#8220;et_custom_uniqid_new_6943e1cf66e5d&#8220;][\/vc_column][\/vc_row][vc_row][vc_column][vc_column_text css=&#8220;&#8220;]Lenaal ist ein&#8230;<\/p>\n","protected":false},"author":1,"featured_media":0,"parent":0,"menu_order":0,"comment_status":"closed","ping_status":"closed","template":"","meta":{"footnotes":""},"class_list":["post-6281","page","type-page","status-publish","hentry"],"_links":{"self":[{"href":"https:\/\/lenaal.com.pl\/de\/wp-json\/wp\/v2\/pages\/6281","targetHints":{"allow":["GET"]}}],"collection":[{"href":"https:\/\/lenaal.com.pl\/de\/wp-json\/wp\/v2\/pages"}],"about":[{"href":"https:\/\/lenaal.com.pl\/de\/wp-json\/wp\/v2\/types\/page"}],"author":[{"embeddable":true,"href":"https:\/\/lenaal.com.pl\/de\/wp-json\/wp\/v2\/users\/1"}],"replies":[{"embeddable":true,"href":"https:\/\/lenaal.com.pl\/de\/wp-json\/wp\/v2\/comments?post=6281"}],"version-history":[{"count":10,"href":"https:\/\/lenaal.com.pl\/de\/wp-json\/wp\/v2\/pages\/6281\/revisions"}],"predecessor-version":[{"id":6656,"href":"https:\/\/lenaal.com.pl\/de\/wp-json\/wp\/v2\/pages\/6281\/revisions\/6656"}],"wp:attachment":[{"href":"https:\/\/lenaal.com.pl\/de\/wp-json\/wp\/v2\/media?parent=6281"}],"curies":[{"name":"wp","href":"https:\/\/api.w.org\/{rel}","templated":true}]}}