{"id":6270,"date":"2025-02-27T13:00:37","date_gmt":"2025-02-27T12:00:37","guid":{"rendered":"https:\/\/lenaal.com.pl\/warum-wir\/"},"modified":"2026-04-03T09:30:09","modified_gmt":"2026-04-03T07:30:09","slug":"warum-wir","status":"publish","type":"page","link":"https:\/\/lenaal.com.pl\/de\/karriere\/warum-wir\/","title":{"rendered":"Warum wir?"},"content":{"rendered":"<div class=\"wpb-content-wrapper\"><p>[vc_row full_width=&#8220;stretch_row_content_no_spaces&#8220; _et_uniqid=&#8220;et_custom_uniqid_new_69ae7aee41d2c&#8220; min_height=&#8220;22.5rem&#8220; css=&#8220;.vc_custom_1773042417748{background-image: url(https:\/\/lenaal.com.pl\/wp-content\/uploads\/2026\/03\/3-1-Kariera.webp?id=5872) !important;background-position: center !important;background-repeat: no-repeat !important;background-size: cover !important;}&#8220;][vc_column _et_uniqid=&#8220;et_custom_uniqid_new_6943e1cf66e5d&#8220;][\/vc_column][\/vc_row][vc_row][vc_column][vc_column_text css=&#8220;&#8220;]<\/p>\n<p style=\"font-weight: 400;\">Wir investieren kontinuierlich in die Entwicklung unseres Unternehmens und in neue Technologien. Unsere Mitarbeiter wachsen mit uns, indem sie an neuen Projekten teilnehmen und neues Wissen sowie neue F\u00e4higkeiten erwerben. Als Unternehmen wachsen wir stetig und suchen nach talentierten Teammitgliedern:<\/p>\n<p><strong>Wir bieten unseren Mitarbeitern:<\/strong><\/p>\n<ul>\n<li style=\"font-weight: 400;\">direkte Anstellung bei Lenaal auf Grundlage eines Arbeitsvertrags<\/li>\n<li style=\"font-weight: 400;\">private medizinische Versorgung<\/li>\n<li style=\"font-weight: 400;\">Zusch\u00fcsse zu Sportmitgliedschaften<\/li>\n<li style=\"font-weight: 400;\">umfangreiche M\u00f6glichkeiten zur beruflichen Weiterentwicklung<\/li>\n<li style=\"font-weight: 400;\">atraktive Verg\u00fctung<\/li>\n<li style=\"font-weight: 400;\">Bonussystem<\/li>\n<\/ul>\n<p><strong>Was uns auszeichnet?<\/strong><\/p>\n<ul>\n<li>ein professionelles Team erfahrener Spezialisten<\/li>\n<li>au\u00dfergew\u00f6hnliche Menschen mit Leidenschaft, Ideen und Ehrgeiz<\/li>\n<li>Schulungen und M\u00f6glichkeiten zur Weiterentwicklung und Bef\u00f6rderung<\/li>\n<li>Wertsch\u00e4tzung f\u00fcr Kreativit\u00e4t, Engagement und gute Arbeitsorganisation<\/li>\n<li>Mitarbeiter mit langj\u00e4hriger Erfahrung \u2013 werde Teil unseres Teams!<\/li>\n<\/ul>\n<p><strong>Ein Tag im Unternehmen<br \/>\n<\/strong><\/p>\n<ul>\n<li>Wir pflegen gute Beziehungen zu Lieferanten und Kunden unserer Produkte und Dienstleistungen<\/li>\n<li>Professionalit\u00e4t, Zusammenarbeit und gegenseitiger Respekt sind uns wichtig<\/li>\n<li>Wir sch\u00f6pfen aus 35 Jahren Erfahrung und sind zugleich neugierig auf Neues<\/li>\n<li>Wir arbeiten als Team f\u00fcr den Erfolg des Unternehmens und unserer Kunden<\/li>\n<li>Wir lernen, entwickeln uns weiter und bilden uns fort, indem wir unser Wissen und unsere Erfahrungen miteinander teilen.<\/li>\n<\/ul>\n<p>[\/vc_column_text][\/vc_column][\/vc_row][vc_row _et_uniqid=&#8220;et_custom_uniqid_new_67eed362cbd86&#8243;][vc_column]\t\t\t<div class=\"swiper-entry et-custom-carousel\">\n\n\t\t\t\t<div class=\"swiper-container carousel-img slider-with-space slider-4369 stop-on-hover\" data-breakpoints=\"1\" data-centeredSlides=\"1\" data-xs-slides=\"1\" data-sm-slides=\"2\" data-md-slides=\"2\" data-lt-slides=\"3\" data-slides-per-view=\"3\" data-autoplay=\"3000\" data-slides-per-group=\"1\" data-speed=\"300\" data-space=\"30\" data-loop=\"true\">\n\n\t\t\t\t\t<div class=\"swiper-wrapper\">\n\t\t\t\t\t\t<div class=\"swiper-slide\">        <link rel=\"stylesheet\" href=\"https:\/\/lenaal.com.pl\/wp-content\/themes\/xstore\/css\/modules\/banners\/banner.min.css?ver=1.0\" type=\"text\/css\" media=\"all\" \/> \t\t        <link rel=\"stylesheet\" href=\"https:\/\/lenaal.com.pl\/wp-content\/themes\/xstore\/css\/modules\/banners\/banners-global.min.css?ver=1.0\" type=\"text\/css\" media=\"all\" \/> \t\t        <div id=\"banner-6543\" class=\"banner  banner-type-2 et_image-with-hover et_image-hover-2 text-center responsive-fonts valign-middle font-style-dark no-titles\" >\n\n\t\t\t\n\t\t\t\t<img decoding=\"async\" width=\"270\" height=\"152\" src=\"https:\/\/lenaal.com.pl\/wp-content\/uploads\/xstore\/xstore-placeholder-270x170.png\" style=\"width: 270px; height: 170px;\" data-src=\"https:\/\/lenaal.com.pl\/wp-content\/uploads\/2025\/12\/ee4d0000-5df0-0015-dadf-08dabb4adbfa.jpg\" class=\" lazyload lazyload-simple et-lazyload-fadeIn\" alt=\"\" src=\"https:\/\/lenaal.com.pl\/wp-content\/uploads\/xstore\/xstore-placeholder-270x170.png\" style=\"width: 270px; height: 170px;\" data-srcset=\"https:\/\/lenaal.com.pl\/wp-content\/uploads\/2025\/12\/ee4d0000-5df0-0015-dadf-08dabb4adbfa.jpg 1200w, https:\/\/lenaal.com.pl\/wp-content\/uploads\/2025\/12\/ee4d0000-5df0-0015-dadf-08dabb4adbfa-300x169.jpg 300w, https:\/\/lenaal.com.pl\/wp-content\/uploads\/2025\/12\/ee4d0000-5df0-0015-dadf-08dabb4adbfa-1024x576.jpg 1024w, https:\/\/lenaal.com.pl\/wp-content\/uploads\/2025\/12\/ee4d0000-5df0-0015-dadf-08dabb4adbfa-768x432.jpg 768w, https:\/\/lenaal.com.pl\/wp-content\/uploads\/2025\/12\/ee4d0000-5df0-0015-dadf-08dabb4adbfa-1x1.jpg 1w, https:\/\/lenaal.com.pl\/wp-content\/uploads\/2025\/12\/ee4d0000-5df0-0015-dadf-08dabb4adbfa-10x6.jpg 10w\" data-sizes=\"(max-width: 270px) 100vw, 270px\" \/>                <div class=\"banner-content \">\n\n\t\t\t\t\t                    <div class=\"content-inner\">\n\n\t\t\t\t\t\t\n                    <\/div>\n\t\t\t\t\t        <\/div>\n\n\t\t        <\/div>\n\n\t\t<\/div><div class=\"swiper-slide\">        <link rel=\"stylesheet\" href=\"https:\/\/lenaal.com.pl\/wp-content\/themes\/xstore\/css\/modules\/banners\/banner.min.css?ver=1.0\" type=\"text\/css\" media=\"all\" \/> \t\t        <link rel=\"stylesheet\" href=\"https:\/\/lenaal.com.pl\/wp-content\/themes\/xstore\/css\/modules\/banners\/banners-global.min.css?ver=1.0\" type=\"text\/css\" media=\"all\" \/> \t\t        <div id=\"banner-9461\" class=\"banner  banner-type-2 et_image-with-hover et_image-hover-2 text-center responsive-fonts valign-middle font-style-dark no-titles\" >\n\n\t\t\t\n\t\t\t\t<img decoding=\"async\" width=\"252\" height=\"170\" src=\"https:\/\/lenaal.com.pl\/wp-content\/uploads\/xstore\/xstore-placeholder-270x170.png\" style=\"width: 270px; height: 170px;\" data-src=\"https:\/\/lenaal.com.pl\/wp-content\/uploads\/2025\/12\/ee4d0000-5df0-0015-cedc-08dabb4ad800.jpg\" class=\" lazyload lazyload-simple et-lazyload-fadeIn\" alt=\"\" src=\"https:\/\/lenaal.com.pl\/wp-content\/uploads\/xstore\/xstore-placeholder-270x170.png\" style=\"width: 270px; height: 170px;\" data-srcset=\"https:\/\/lenaal.com.pl\/wp-content\/uploads\/2025\/12\/ee4d0000-5df0-0015-cedc-08dabb4ad800.jpg 640w, https:\/\/lenaal.com.pl\/wp-content\/uploads\/2025\/12\/ee4d0000-5df0-0015-cedc-08dabb4ad800-300x203.jpg 300w, https:\/\/lenaal.com.pl\/wp-content\/uploads\/2025\/12\/ee4d0000-5df0-0015-cedc-08dabb4ad800-1x1.jpg 1w, https:\/\/lenaal.com.pl\/wp-content\/uploads\/2025\/12\/ee4d0000-5df0-0015-cedc-08dabb4ad800-10x7.jpg 10w\" data-sizes=\"(max-width: 252px) 100vw, 252px\" \/>                <div class=\"banner-content \">\n\n\t\t\t\t\t                    <div class=\"content-inner\">\n\n\t\t\t\t\t\t\n                    <\/div>\n\t\t\t\t\t        <\/div>\n\n\t\t        <\/div>\n\n\t\t<\/div><div class=\"swiper-slide\">        <link rel=\"stylesheet\" href=\"https:\/\/lenaal.com.pl\/wp-content\/themes\/xstore\/css\/modules\/banners\/banner.min.css?ver=1.0\" type=\"text\/css\" media=\"all\" \/> \t\t        <link rel=\"stylesheet\" href=\"https:\/\/lenaal.com.pl\/wp-content\/themes\/xstore\/css\/modules\/banners\/banners-global.min.css?ver=1.0\" type=\"text\/css\" media=\"all\" \/> \t\t        <div id=\"banner-9734\" class=\"banner  banner-type-2 et_image-with-hover et_image-hover-2 text-center responsive-fonts valign-middle font-style-dark no-titles\" >\n\n\t\t\t\n\t\t\t\t<img decoding=\"async\" width=\"270\" height=\"167\" src=\"https:\/\/lenaal.com.pl\/wp-content\/uploads\/xstore\/xstore-placeholder-270x170.png\" style=\"width: 270px; height: 170px;\" data-src=\"https:\/\/lenaal.com.pl\/wp-content\/uploads\/2025\/12\/9b030000-5dac-0015-08af-08dabb4ad8b1.jpg\" class=\" lazyload lazyload-simple et-lazyload-fadeIn\" alt=\"\" src=\"https:\/\/lenaal.com.pl\/wp-content\/uploads\/xstore\/xstore-placeholder-270x170.png\" style=\"width: 270px; height: 170px;\" data-srcset=\"https:\/\/lenaal.com.pl\/wp-content\/uploads\/2025\/12\/9b030000-5dac-0015-08af-08dabb4ad8b1.jpg 640w, https:\/\/lenaal.com.pl\/wp-content\/uploads\/2025\/12\/9b030000-5dac-0015-08af-08dabb4ad8b1-300x186.jpg 300w, https:\/\/lenaal.com.pl\/wp-content\/uploads\/2025\/12\/9b030000-5dac-0015-08af-08dabb4ad8b1-1x1.jpg 1w, https:\/\/lenaal.com.pl\/wp-content\/uploads\/2025\/12\/9b030000-5dac-0015-08af-08dabb4ad8b1-10x6.jpg 10w\" data-sizes=\"(max-width: 270px) 100vw, 270px\" \/>                <div class=\"banner-content \">\n\n\t\t\t\t\t                    <div class=\"content-inner\">\n\n\t\t\t\t\t\t\n                    <\/div>\n\t\t\t\t\t        <\/div>\n\n\t\t        <\/div>\n\n\t\t<\/div>\t\t\t\t\t<\/div>\n\n\t\t\t\t\t\n\t\t\t\t<\/div>\n\n\t\t\t\t\n\t\t\t\t\t<div class=\"swiper-custom-left\"><\/div>\n\t\t\t\t\t<div class=\"swiper-custom-right\"><\/div>\n\n\t\t\t\t\t\t\t<\/div>\n\t\t\n\t\t[\/vc_column][\/vc_row]<\/p>\n<\/div>","protected":false},"excerpt":{"rendered":"<p>[vc_row full_width=&#8220;stretch_row_content_no_spaces&#8220; _et_uniqid=&#8220;et_custom_uniqid_new_69ae7aee41d2c&#8220; min_height=&#8220;22.5rem&#8220; css=&#8220;.vc_custom_1773042417748{background-image: url(https:\/\/lenaal.com.pl\/wp-content\/uploads\/2026\/03\/3-1-Kariera.webp?id=5872) !important;background-position: center !important;background-repeat: no-repeat !important;background-size: cover !important;}&#8220;][vc_column _et_uniqid=&#8220;et_custom_uniqid_new_6943e1cf66e5d&#8220;][\/vc_column][\/vc_row][vc_row][vc_column][vc_column_text css=&#8220;&#8220;] Wir investieren&#8230;<\/p>\n","protected":false},"author":1,"featured_media":0,"parent":6281,"menu_order":0,"comment_status":"closed","ping_status":"closed","template":"","meta":{"footnotes":""},"class_list":["post-6270","page","type-page","status-publish","hentry"],"_links":{"self":[{"href":"https:\/\/lenaal.com.pl\/de\/wp-json\/wp\/v2\/pages\/6270","targetHints":{"allow":["GET"]}}],"collection":[{"href":"https:\/\/lenaal.com.pl\/de\/wp-json\/wp\/v2\/pages"}],"about":[{"href":"https:\/\/lenaal.com.pl\/de\/wp-json\/wp\/v2\/types\/page"}],"author":[{"embeddable":true,"href":"https:\/\/lenaal.com.pl\/de\/wp-json\/wp\/v2\/users\/1"}],"replies":[{"embeddable":true,"href":"https:\/\/lenaal.com.pl\/de\/wp-json\/wp\/v2\/comments?post=6270"}],"version-history":[{"count":5,"href":"https:\/\/lenaal.com.pl\/de\/wp-json\/wp\/v2\/pages\/6270\/revisions"}],"predecessor-version":[{"id":6701,"href":"https:\/\/lenaal.com.pl\/de\/wp-json\/wp\/v2\/pages\/6270\/revisions\/6701"}],"up":[{"embeddable":true,"href":"https:\/\/lenaal.com.pl\/de\/wp-json\/wp\/v2\/pages\/6281"}],"wp:attachment":[{"href":"https:\/\/lenaal.com.pl\/de\/wp-json\/wp\/v2\/media?parent=6270"}],"curies":[{"name":"wp","href":"https:\/\/api.w.org\/{rel}","templated":true}]}}