{"id":6267,"date":"2025-02-27T13:01:05","date_gmt":"2025-02-27T12:01:05","guid":{"rendered":"https:\/\/lenaal.com.pl\/studentenbereich\/"},"modified":"2026-03-09T15:27:07","modified_gmt":"2026-03-09T14:27:07","slug":"studentenbereich","status":"publish","type":"page","link":"https:\/\/lenaal.com.pl\/de\/karriere\/studentenbereich\/","title":{"rendered":"Studentenbereich"},"content":{"rendered":"<div class=\"wpb-content-wrapper\"><p>[vc_row full_width=&#8220;stretch_row_content_no_spaces&#8220; _et_uniqid=&#8220;et_custom_uniqid_new_69ae7b07cd5a3&#8243; min_height=&#8220;22.5rem&#8220; css=&#8220;.vc_custom_1773042445035{background-image: url(https:\/\/lenaal.com.pl\/wp-content\/uploads\/2025\/12\/baner_kariera.jpg?id=5753) !important;background-position: center !important;background-repeat: no-repeat !important;background-size: cover !important;}&#8220;][vc_column _et_uniqid=&#8220;et_custom_uniqid_new_6943e1cf66e5d&#8220;][\/vc_column][\/vc_row][vc_row][vc_column][vc_column_text css=&#8220;&#8220;]Das Jahrespraktikum bei Lenaal ist ein Angebot f\u00fcr Personen, die Berufserfahrung aufbauen und eine l\u00e4ngerfristige Zusammenarbeit mit unserem Unternehmen eingehen m\u00f6chten.<\/p>\n<p>Das Praktikum erfolgt auf Grundlage eines Arbeitsvertrags. Ein Praktikant, der das Bewerbungsgespr\u00e4ch erfolgreich besteht, wird zun\u00e4chst f\u00fcr eine dreimonatige Probezeit eingestellt. Nach einer positiven Bewertung arbeitet er anschlie\u00dfend weitere 9 Monate bei uns. Bei einer positiven Bewertung nach dem einj\u00e4hrigen Praktikum besteht die M\u00f6glichkeit einer festen Anstellung.<\/p>\n<p>Unser Programm richtet sich an Absolventen und Studierende im letzten Studienjahr. Wir bieten intensive Entwicklungsm\u00f6glichkeiten, die Umsetzung interessanter und eigenst\u00e4ndiger Projekte sowie die Chance auf eine feste Anstellung. Das Praktikum ist eine Zeit der Vorbereitung auf die selbstst\u00e4ndige Ausf\u00fchrung von Aufgaben innerhalb der jeweiligen Position.[\/vc_column_text][\/vc_column][\/vc_row][vc_row full_width=&#8220;stretch_row&#8220; content_placement=&#8220;middle&#8220; css=&#8220;.vc_custom_1766055593933{padding-bottom: 2rem !important;background-color: #235ADC !important;}&#8220; _et_uniqid=&#8220;et_custom_uniqid_new_6943dea554eb5&#8243;][vc_column alignment=&#8220;center&#8220; _et_uniqid=&#8220;et_custom_uniqid_new_6943de94744ed&#8220;][vc_column_text css=&#8220;&#8220;]<\/p>\n<p style=\"text-align: center;\"><span style=\"color: #ffffff;\">Interessierte Personen werden gebeten, das Formular auszuf\u00fcllen:<\/span><\/p>\n<p>[\/vc_column_text]<a href=\"https:\/\/system.erecruiter.pl\/FormTemplates\/RecruitmentForm.aspx?WebID=b31c353acbfe42c09d122a75da6918a4\" target=\"_blank\" title=\"\"  data-id=\"mpc_button-4769e9f619751ff\" class=\"mpc-button mpc-init mpc-transition initial\" ><div class=\"mpc-button__content mpc-effect-type--none mpc-effect-side--none\"><span class=\"mpc-button__title mpc-transition\">Formular<\/span><\/div><div class=\"mpc-button__background mpc-transition mpc-effect-type--fade mpc-effect-side--in\"><\/div><\/a>[\/vc_column][\/vc_row]<\/p>\n<\/div>","protected":false},"excerpt":{"rendered":"<p>[vc_row full_width=&#8220;stretch_row_content_no_spaces&#8220; _et_uniqid=&#8220;et_custom_uniqid_new_69ae7b07cd5a3&#8243; min_height=&#8220;22.5rem&#8220; css=&#8220;.vc_custom_1773042445035{background-image: url(https:\/\/lenaal.com.pl\/wp-content\/uploads\/2025\/12\/baner_kariera.jpg?id=5753) !important;background-position: center !important;background-repeat: no-repeat !important;background-size: cover !important;}&#8220;][vc_column _et_uniqid=&#8220;et_custom_uniqid_new_6943e1cf66e5d&#8220;][\/vc_column][\/vc_row][vc_row][vc_column][vc_column_text css=&#8220;&#8220;]Das Jahrespraktikum bei&#8230;<\/p>\n","protected":false},"author":1,"featured_media":0,"parent":6281,"menu_order":0,"comment_status":"closed","ping_status":"closed","template":"","meta":{"footnotes":""},"class_list":["post-6267","page","type-page","status-publish","hentry"],"_links":{"self":[{"href":"https:\/\/lenaal.com.pl\/de\/wp-json\/wp\/v2\/pages\/6267","targetHints":{"allow":["GET"]}}],"collection":[{"href":"https:\/\/lenaal.com.pl\/de\/wp-json\/wp\/v2\/pages"}],"about":[{"href":"https:\/\/lenaal.com.pl\/de\/wp-json\/wp\/v2\/types\/page"}],"author":[{"embeddable":true,"href":"https:\/\/lenaal.com.pl\/de\/wp-json\/wp\/v2\/users\/1"}],"replies":[{"embeddable":true,"href":"https:\/\/lenaal.com.pl\/de\/wp-json\/wp\/v2\/comments?post=6267"}],"version-history":[{"count":2,"href":"https:\/\/lenaal.com.pl\/de\/wp-json\/wp\/v2\/pages\/6267\/revisions"}],"predecessor-version":[{"id":6269,"href":"https:\/\/lenaal.com.pl\/de\/wp-json\/wp\/v2\/pages\/6267\/revisions\/6269"}],"up":[{"embeddable":true,"href":"https:\/\/lenaal.com.pl\/de\/wp-json\/wp\/v2\/pages\/6281"}],"wp:attachment":[{"href":"https:\/\/lenaal.com.pl\/de\/wp-json\/wp\/v2\/media?parent=6267"}],"curies":[{"name":"wp","href":"https:\/\/api.w.org\/{rel}","templated":true}]}}