{"id":6264,"date":"2025-08-05T09:52:45","date_gmt":"2025-08-05T07:52:45","guid":{"rendered":"https:\/\/lenaal.com.pl\/leistungsspektrum\/leckpruefung\/"},"modified":"2026-03-24T12:32:22","modified_gmt":"2026-03-24T11:32:22","slug":"leckpruefung","status":"publish","type":"page","link":"https:\/\/lenaal.com.pl\/de\/leistungsspektrum\/leckpruefung\/","title":{"rendered":"Leckpr\u00fcfung"},"content":{"rendered":"<div class=\"wpb-content-wrapper\"><p>[vc_row full_width=&#8220;stretch_row_content_no_spaces&#8220; _et_uniqid=&#8220;et_custom_uniqid_new_69ae7923912cb&#8220; min_height=&#8220;22.5rem&#8220; css=&#8220;.vc_custom_1773041967309{background-image: url(https:\/\/lenaal.com.pl\/wp-content\/uploads\/2026\/03\/2-8-Leak-testing.webp?id=5870) !important;background-position: center !important;background-repeat: no-repeat !important;background-size: cover !important;}&#8220;][vc_column _et_uniqid=&#8220;et_custom_uniqid_new_6943e1cf66e5d&#8220;][\/vc_column][\/vc_row][vc_row][vc_column][vc_column_text css=&#8220;&#8220;]Um die vollst\u00e4ndige Dichtheit von Aluminiumgussbauteilen, insbesondere von Komponenten f\u00fcr Kraftstoff-, K\u00fchl-, Pneumatik- und Hydrauliksysteme, sicherzustellen, setzen wir fortschrittliche Hochdruck-Dichtheitspr\u00fcfungen ein.<\/p>\n<p>Die Pr\u00fcfungen werden mit Drucksystemen im Bereich von 0,5 bis 3,5 bar durchgef\u00fchrt, abh\u00e4ngig von den technischen Anforderungen des Bauteils sowie den Spezifikationen des Kunden. Diese Methode erm\u00f6glicht die effektive Erkennung von Mikroporosit\u00e4t, Rissen, strukturellen Undichtigkeiten sowie weiteren Materialfehlern, die die Zuverl\u00e4ssigkeit des Produkts unter Betriebsbedingungen beeintr\u00e4chtigen k\u00f6nnten.<\/p>\n<p>Die Dichtheitspr\u00fcfungen erfolgen an speziellen Pr\u00fcfst\u00e4nden,sowohl als 100%-Serienpr\u00fcfung als auch im Rahmen definierter Stichprobenpr\u00fcfungen, gem\u00e4\u00df den geltenden Qualit\u00e4tsnormen und Branchenanforderungen, einschlie\u00dflich der Anforderungen der Automobilindustrie.[\/vc_column_text][\/vc_column][\/vc_row]<\/p>\n<\/div>","protected":false},"excerpt":{"rendered":"<p>[vc_row full_width=&#8220;stretch_row_content_no_spaces&#8220; _et_uniqid=&#8220;et_custom_uniqid_new_69ae7923912cb&#8220; min_height=&#8220;22.5rem&#8220; css=&#8220;.vc_custom_1773041967309{background-image: url(https:\/\/lenaal.com.pl\/wp-content\/uploads\/2026\/03\/2-8-Leak-testing.webp?id=5870) !important;background-position: center !important;background-repeat: no-repeat !important;background-size: cover !important;}&#8220;][vc_column _et_uniqid=&#8220;et_custom_uniqid_new_6943e1cf66e5d&#8220;][\/vc_column][\/vc_row][vc_row][vc_column][vc_column_text css=&#8220;&#8220;]Um die vollst\u00e4ndige&#8230;<\/p>\n","protected":false},"author":1,"featured_media":0,"parent":6227,"menu_order":0,"comment_status":"closed","ping_status":"closed","template":"","meta":{"footnotes":""},"class_list":["post-6264","page","type-page","status-publish","hentry"],"_links":{"self":[{"href":"https:\/\/lenaal.com.pl\/de\/wp-json\/wp\/v2\/pages\/6264","targetHints":{"allow":["GET"]}}],"collection":[{"href":"https:\/\/lenaal.com.pl\/de\/wp-json\/wp\/v2\/pages"}],"about":[{"href":"https:\/\/lenaal.com.pl\/de\/wp-json\/wp\/v2\/types\/page"}],"author":[{"embeddable":true,"href":"https:\/\/lenaal.com.pl\/de\/wp-json\/wp\/v2\/users\/1"}],"replies":[{"embeddable":true,"href":"https:\/\/lenaal.com.pl\/de\/wp-json\/wp\/v2\/comments?post=6264"}],"version-history":[{"count":3,"href":"https:\/\/lenaal.com.pl\/de\/wp-json\/wp\/v2\/pages\/6264\/revisions"}],"predecessor-version":[{"id":6537,"href":"https:\/\/lenaal.com.pl\/de\/wp-json\/wp\/v2\/pages\/6264\/revisions\/6537"}],"up":[{"embeddable":true,"href":"https:\/\/lenaal.com.pl\/de\/wp-json\/wp\/v2\/pages\/6227"}],"wp:attachment":[{"href":"https:\/\/lenaal.com.pl\/de\/wp-json\/wp\/v2\/media?parent=6264"}],"curies":[{"name":"wp","href":"https:\/\/api.w.org\/{rel}","templated":true}]}}