{"id":6260,"date":"2025-08-05T09:51:02","date_gmt":"2025-08-05T07:51:02","guid":{"rendered":"https:\/\/lenaal.com.pl\/leistungsspektrum\/legierungen\/"},"modified":"2026-03-24T11:43:54","modified_gmt":"2026-03-24T10:43:54","slug":"legierungen","status":"publish","type":"page","link":"https:\/\/lenaal.com.pl\/de\/leistungsspektrum\/legierungen\/","title":{"rendered":"Legierungen"},"content":{"rendered":"<div class=\"wpb-content-wrapper\"><p>[vc_row full_width=&#8220;stretch_row_content_no_spaces&#8220; _et_uniqid=&#8220;et_custom_uniqid_new_69ae78e19d571&#8243; min_height=&#8220;22.5rem&#8220; css=&#8220;.vc_custom_1773041900681{background-image: url(https:\/\/lenaal.com.pl\/wp-content\/uploads\/2026\/03\/2-3-Stopy-odlewnicze.webp?id=5868) !important;background-position: center !important;background-repeat: no-repeat !important;background-size: cover !important;}&#8220;][vc_column _et_uniqid=&#8220;et_custom_uniqid_new_6943e1cf66e5d&#8220;][\/vc_column][\/vc_row][vc_row][vc_column][vc_column_text css=&#8220;&#8220;]Wir verwenden f\u00fcnf handels\u00fcblichen Aluminiumgusslegierungen und ein Zinkgusslegierung, die wir ausschlie\u00dflich von namhafter polnischer und europ\u00e4ischer Aluminium- und Zinkh\u00fctten einkaufen.<br \/>\nVerwendung von modernen Schachtschmelz\u00f6fen sorgt f\u00fcr eine hohe Qualit\u00e4t der Schmelze und gleichzeitig einen niedrigen Energieverbrauch und reduzierte negative Umweltwirkungen.<br \/>\nDie vier Schacht-Schmelz\u00f6fen erm\u00f6glichen es uns, j\u00e4hrlich 18.000 Tonnen Legierungen zu schmelzen.<br \/>\nEine st\u00e4ndige Qualit\u00e4t der Legierungen wird durch regelm\u00e4\u00dfige Spektralanalysen w\u00e4hrend der Wareneingangskontrolle und des Produktionsprozesses gew\u00e4hrleistet.<\/p>\n<p><strong>ALUMINIUM<\/strong><br \/>\nIn unserer Gie\u00dferei werden als Standard die folgenden Aluminiumlegierungen verarbeitet: 43400, 43500, 44300, 46000, 47100 nach EN 1676.<br \/>\nBei besonders hohen Anforderungen an das Zerrei\u00dffestigkeits- und Dehnungsverhalten findet die Legierung EN AB 43500 den Einsatz. Durch die W\u00e4rmebehandlung von Gussteilen, die aus Silafont-36 hergestellt werden, k\u00f6nnen wir die Werte der Zerrei\u00dffestigkeit Rm im Bereich von 240-350 Mpa und eine verbesserte Dehnung von 1% zu 5-15% erhalten. Das erm\u00f6glicht eine Gewichtsreduktion der Gussteile bei gleichzeitiger Erhaltung und sogar Verbesserung ihrer mechanischen Eigenschaften.<\/p>\n<p><strong>ZINK<\/strong><br \/>\nZinklegierungen gelten als die am einfachsten zu gie\u00dfenden Legierungen und gew\u00e4hrleisten im Allgemeinen eine l\u00e4ngere Werkzeuglebensdauer im Vergleich zu Aluminiumlegierungen. Diese Kombination macht Zinkdruckgussteile sehr wirtschaftlich in der Herstellung.<\/p>\n<p>Die Zink \u2013 Standardlegierung verwendet bei uns ist ZL0410 (ZAMAK 5) nach EN 1774.<\/p>\n<p>Unten finden Sie einen Link zu einer Tabelle mit Grundeigenschaften von den Legierungen die wir bei LENAAL verwenden.[\/vc_column_text]<a href=\"https:\/\/lenaal.com.pl\/wp-content\/uploads\/2026\/03\/ALUMINIUM-EIGENSCHAFTEN-de.pdf\" target=\"_blank\" title=\"\"  data-id=\"mpc_button-8669f265d053c32\" class=\"mpc-button mpc-init mpc-transition initial\" ><div class=\"mpc-button__content mpc-effect-type--none mpc-effect-side--none\"><span class=\"mpc-button__title mpc-transition\">Legierungen eigenschaften<\/span><\/div><div class=\"mpc-button__background mpc-transition mpc-effect-type--fade mpc-effect-side--in\"><\/div><\/a>[\/vc_column][\/vc_row]<\/p>\n<\/div>","protected":false},"excerpt":{"rendered":"<p>[vc_row full_width=&#8220;stretch_row_content_no_spaces&#8220; _et_uniqid=&#8220;et_custom_uniqid_new_69ae78e19d571&#8243; min_height=&#8220;22.5rem&#8220; css=&#8220;.vc_custom_1773041900681{background-image: url(https:\/\/lenaal.com.pl\/wp-content\/uploads\/2026\/03\/2-3-Stopy-odlewnicze.webp?id=5868) !important;background-position: center !important;background-repeat: no-repeat !important;background-size: cover !important;}&#8220;][vc_column _et_uniqid=&#8220;et_custom_uniqid_new_6943e1cf66e5d&#8220;][\/vc_column][\/vc_row][vc_row][vc_column][vc_column_text css=&#8220;&#8220;]Wir verwenden f\u00fcnf&#8230;<\/p>\n","protected":false},"author":1,"featured_media":0,"parent":6227,"menu_order":0,"comment_status":"closed","ping_status":"closed","template":"","meta":{"footnotes":""},"class_list":["post-6260","page","type-page","status-publish","hentry"],"_links":{"self":[{"href":"https:\/\/lenaal.com.pl\/de\/wp-json\/wp\/v2\/pages\/6260","targetHints":{"allow":["GET"]}}],"collection":[{"href":"https:\/\/lenaal.com.pl\/de\/wp-json\/wp\/v2\/pages"}],"about":[{"href":"https:\/\/lenaal.com.pl\/de\/wp-json\/wp\/v2\/types\/page"}],"author":[{"embeddable":true,"href":"https:\/\/lenaal.com.pl\/de\/wp-json\/wp\/v2\/users\/1"}],"replies":[{"embeddable":true,"href":"https:\/\/lenaal.com.pl\/de\/wp-json\/wp\/v2\/comments?post=6260"}],"version-history":[{"count":4,"href":"https:\/\/lenaal.com.pl\/de\/wp-json\/wp\/v2\/pages\/6260\/revisions"}],"predecessor-version":[{"id":6526,"href":"https:\/\/lenaal.com.pl\/de\/wp-json\/wp\/v2\/pages\/6260\/revisions\/6526"}],"up":[{"embeddable":true,"href":"https:\/\/lenaal.com.pl\/de\/wp-json\/wp\/v2\/pages\/6227"}],"wp:attachment":[{"href":"https:\/\/lenaal.com.pl\/de\/wp-json\/wp\/v2\/media?parent=6260"}],"curies":[{"name":"wp","href":"https:\/\/api.w.org\/{rel}","templated":true}]}}