{"id":6257,"date":"2025-08-05T09:50:28","date_gmt":"2025-08-05T07:50:28","guid":{"rendered":"https:\/\/lenaal.com.pl\/leistungsspektrum\/produktentwicklung\/"},"modified":"2026-03-24T11:35:33","modified_gmt":"2026-03-24T10:35:33","slug":"produktentwicklung","status":"publish","type":"page","link":"https:\/\/lenaal.com.pl\/de\/leistungsspektrum\/produktentwicklung\/","title":{"rendered":"Produktentwicklung"},"content":{"rendered":"<div class=\"wpb-content-wrapper\"><p>[vc_row full_width=&#8220;stretch_row_content_no_spaces&#8220; _et_uniqid=&#8220;et_custom_uniqid_new_69942a2ccdf9a&#8220; css=&#8220;.vc_custom_1771317789213{padding-top: 0px !important;background-position: center !important;background-repeat: no-repeat !important;background-size: cover !important;}&#8220;][vc_column _et_uniqid=&#8220;et_custom_uniqid_new_699429ad10ddc&#8220; css=&#8220;.vc_custom_1771317661670{padding-top: 0px !important;}&#8220;][vc_raw_html css=&#8220;&#8220;]PGRpdiBjbGFzcz0idmlkZW8tYnJlYWRjcnVtYnMtd3JhcHBlciI+PHZpZGVvIGNsYXNzPSJ2aWRlbyIgYXV0b3BsYXk9IiIgbG9vcD0iIiBtdXRlZD0iIiBwbGF5c2lubGluZT0iIj4KICAgICAgICA8c291cmNlIHNyYz0iaHR0cHM6Ly9sZW5hYWwuY29kZTRpdC5wbC93cC1jb250ZW50L3VwbG9hZHMvMjAyNi8wMy9yb3p3b2pfcHJvZHVrdHUubXA0Ij4KICAgIDwvc291cmNlPjwvdmlkZW8+PC9kaXY+[\/vc_raw_html][\/vc_column][\/vc_row][vc_row][vc_column][vc_column_text css=&#8220;&#8220;]Im Rahmen der Produktentwicklung bieten wir:<\/p>\n<ul>\n<li>Technische und ingenieurm\u00e4\u00dfige Analyse des Gussst\u00fccks<\/li>\n<li>Computersimulationen des Gie\u00dfprozesses, Analyse der Belastungen von Bauteilen und Erm\u00fcdungstests<\/li>\n<li>Prototypenerstellung<\/li>\n<li>Tests und Validierung<\/li>\n<li>Anpassung und Optimierung<\/li>\n<li>Unterst\u00fctzung bei der Planung der Serienproduktion<\/li>\n<\/ul>\n<p>Dank unserer Erfahrung und modernster Technologien stellen wir sicher, dass Ihre Bauteile mit h\u00f6chster Pr\u00e4zision und Qualit\u00e4t entwickelt und f\u00fcr die Serienfertigung vorbereitet werden. Gemeinsam k\u00f6nnen wir selbst die komplexesten Projekte umsetzen und die wachsenden Anforderungen des Marktes erf\u00fcllen.[\/vc_column_text][\/vc_column][\/vc_row]<\/p>\n<\/div>","protected":false},"excerpt":{"rendered":"<p>[vc_row full_width=&#8220;stretch_row_content_no_spaces&#8220; _et_uniqid=&#8220;et_custom_uniqid_new_69942a2ccdf9a&#8220; css=&#8220;.vc_custom_1771317789213{padding-top: 0px !important;background-position: center !important;background-repeat: no-repeat !important;background-size: cover !important;}&#8220;][vc_column _et_uniqid=&#8220;et_custom_uniqid_new_699429ad10ddc&#8220; css=&#8220;.vc_custom_1771317661670{padding-top: 0px !important;}&#8220;][vc_raw_html css=&#8220;&#8220;]PGRpdiBjbGFzcz0idmlkZW8tYnJlYWRjcnVtYnMtd3JhcHBlciI+PHZpZGVvIGNsYXNzPSJ2aWRlbyIgYXV0b3BsYXk9IiIgbG9vcD0iIiBtdXRlZD0iIiBwbGF5c2lubGluZT0iIj4KICAgICAgICA8c291cmNlIHNyYz0iaHR0cHM6Ly9sZW5hYWwuY29kZTRpdC5wbC93cC1jb250ZW50L3VwbG9hZHMvMjAyNi8wMy9yb3p3b2pfcHJvZHVrdHUubXA0Ij4KICAgIDwvc291cmNlPjwvdmlkZW8+PC9kaXY+[\/vc_raw_html][\/vc_column][\/vc_row][vc_row][vc_column][vc_column_text&#8230;<\/p>\n","protected":false},"author":1,"featured_media":0,"parent":6227,"menu_order":0,"comment_status":"closed","ping_status":"closed","template":"","meta":{"footnotes":""},"class_list":["post-6257","page","type-page","status-publish","hentry"],"_links":{"self":[{"href":"https:\/\/lenaal.com.pl\/de\/wp-json\/wp\/v2\/pages\/6257","targetHints":{"allow":["GET"]}}],"collection":[{"href":"https:\/\/lenaal.com.pl\/de\/wp-json\/wp\/v2\/pages"}],"about":[{"href":"https:\/\/lenaal.com.pl\/de\/wp-json\/wp\/v2\/types\/page"}],"author":[{"embeddable":true,"href":"https:\/\/lenaal.com.pl\/de\/wp-json\/wp\/v2\/users\/1"}],"replies":[{"embeddable":true,"href":"https:\/\/lenaal.com.pl\/de\/wp-json\/wp\/v2\/comments?post=6257"}],"version-history":[{"count":3,"href":"https:\/\/lenaal.com.pl\/de\/wp-json\/wp\/v2\/pages\/6257\/revisions"}],"predecessor-version":[{"id":6523,"href":"https:\/\/lenaal.com.pl\/de\/wp-json\/wp\/v2\/pages\/6257\/revisions\/6523"}],"up":[{"embeddable":true,"href":"https:\/\/lenaal.com.pl\/de\/wp-json\/wp\/v2\/pages\/6227"}],"wp:attachment":[{"href":"https:\/\/lenaal.com.pl\/de\/wp-json\/wp\/v2\/media?parent=6257"}],"curies":[{"name":"wp","href":"https:\/\/api.w.org\/{rel}","templated":true}]}}