{"id":6250,"date":"2025-08-05T09:51:42","date_gmt":"2025-08-05T07:51:42","guid":{"rendered":"https:\/\/lenaal.com.pl\/leistungsspektrum\/zinkdruckguss\/"},"modified":"2026-03-24T11:49:00","modified_gmt":"2026-03-24T10:49:00","slug":"zinkdruckguss","status":"publish","type":"page","link":"https:\/\/lenaal.com.pl\/de\/leistungsspektrum\/zinkdruckguss\/","title":{"rendered":"Zinkdruckguss"},"content":{"rendered":"<div class=\"wpb-content-wrapper\"><p>[vc_row full_width=&#8220;stretch_row_content_no_spaces&#8220; _et_uniqid=&#8220;et_custom_uniqid_new_69942a2ccdf9a&#8220; css=&#8220;.vc_custom_1771317789213{padding-top: 0px !important;background-position: center !important;background-repeat: no-repeat !important;background-size: cover !important;}&#8220;][vc_column _et_uniqid=&#8220;et_custom_uniqid_new_699429ad10ddc&#8220; css=&#8220;.vc_custom_1771317661670{padding-top: 0px !important;}&#8220;][vc_raw_html css=&#8220;&#8220;]PGRpdiBjbGFzcz0idmlkZW8tYnJlYWRjcnVtYnMtd3JhcHBlciI+PHZpZGVvIGNsYXNzPSJ2aWRlbyIgYXV0b3BsYXk9IiIgbG9vcD0iIiBtdXRlZD0iIiBwbGF5c2lubGluZT0iIj4KICAgICAgICA8c291cmNlIHNyYz0iaHR0cHM6Ly9sZW5hYWwuY29kZTRpdC5wbC93cC1jb250ZW50L3VwbG9hZHMvMjAyNi8wMy9vZGxld2FuaWVfc3RvcG93X2N5bmt1Lm1wNCI+CiAgICA8L3NvdXJjZT48L3ZpZGVvPjwvZGl2Pg==[\/vc_raw_html][\/vc_column][\/vc_row][vc_row][vc_column][vc_column_text css=&#8220;&#8220;]Zinkteile werden in 4 Warmkammer Druckgussmaschinen mit Schlie\u00dfkr\u00e4ften von 20 \u2013 160 Tonnen gegossen.<\/p>\n<p>Zinkdruckguss-Teile werden bis zu einer St\u00fcckgr\u00f6\u00dfe von 5 bis 800 Gramm hergestellt.<\/p>\n<p><strong>Vorteile des Zinkdruckgusses:<\/strong><\/p>\n<ul>\n<li>kurze Zykluszeiten<\/li>\n<li>niedriger Energieverbrauch<\/li>\n<li>Korrosions\u00adbest\u00e4ndigkeit<\/li>\n<li>sehr gute Galvanisierf\u00e4higkeit<\/li>\n<li>lange Werkzeugstandzeiten<\/li>\n<\/ul>\n<p>[\/vc_column_text][\/vc_column][\/vc_row]<\/p>\n<\/div>","protected":false},"excerpt":{"rendered":"<p>[vc_row full_width=&#8220;stretch_row_content_no_spaces&#8220; _et_uniqid=&#8220;et_custom_uniqid_new_69942a2ccdf9a&#8220; css=&#8220;.vc_custom_1771317789213{padding-top: 0px !important;background-position: center !important;background-repeat: no-repeat !important;background-size: cover !important;}&#8220;][vc_column _et_uniqid=&#8220;et_custom_uniqid_new_699429ad10ddc&#8220; css=&#8220;.vc_custom_1771317661670{padding-top: 0px !important;}&#8220;][vc_raw_html css=&#8220;&#8220;]PGRpdiBjbGFzcz0idmlkZW8tYnJlYWRjcnVtYnMtd3JhcHBlciI+PHZpZGVvIGNsYXNzPSJ2aWRlbyIgYXV0b3BsYXk9IiIgbG9vcD0iIiBtdXRlZD0iIiBwbGF5c2lubGluZT0iIj4KICAgICAgICA8c291cmNlIHNyYz0iaHR0cHM6Ly9sZW5hYWwuY29kZTRpdC5wbC93cC1jb250ZW50L3VwbG9hZHMvMjAyNi8wMy9vZGxld2FuaWVfc3RvcG93X2N5bmt1Lm1wNCI+CiAgICA8L3NvdXJjZT48L3ZpZGVvPjwvZGl2Pg==[\/vc_raw_html][\/vc_column][\/vc_row][vc_row][vc_column][vc_column_text&#8230;<\/p>\n","protected":false},"author":1,"featured_media":0,"parent":6227,"menu_order":0,"comment_status":"closed","ping_status":"closed","template":"","meta":{"footnotes":""},"class_list":["post-6250","page","type-page","status-publish","hentry"],"_links":{"self":[{"href":"https:\/\/lenaal.com.pl\/de\/wp-json\/wp\/v2\/pages\/6250","targetHints":{"allow":["GET"]}}],"collection":[{"href":"https:\/\/lenaal.com.pl\/de\/wp-json\/wp\/v2\/pages"}],"about":[{"href":"https:\/\/lenaal.com.pl\/de\/wp-json\/wp\/v2\/types\/page"}],"author":[{"embeddable":true,"href":"https:\/\/lenaal.com.pl\/de\/wp-json\/wp\/v2\/users\/1"}],"replies":[{"embeddable":true,"href":"https:\/\/lenaal.com.pl\/de\/wp-json\/wp\/v2\/comments?post=6250"}],"version-history":[{"count":3,"href":"https:\/\/lenaal.com.pl\/de\/wp-json\/wp\/v2\/pages\/6250\/revisions"}],"predecessor-version":[{"id":6529,"href":"https:\/\/lenaal.com.pl\/de\/wp-json\/wp\/v2\/pages\/6250\/revisions\/6529"}],"up":[{"embeddable":true,"href":"https:\/\/lenaal.com.pl\/de\/wp-json\/wp\/v2\/pages\/6227"}],"wp:attachment":[{"href":"https:\/\/lenaal.com.pl\/de\/wp-json\/wp\/v2\/media?parent=6250"}],"curies":[{"name":"wp","href":"https:\/\/api.w.org\/{rel}","templated":true}]}}