{"id":6247,"date":"2025-08-05T09:51:27","date_gmt":"2025-08-05T07:51:27","guid":{"rendered":"https:\/\/lenaal.com.pl\/leistungsspektrum\/aludruckguss\/"},"modified":"2026-03-24T11:47:32","modified_gmt":"2026-03-24T10:47:32","slug":"aludruckguss","status":"publish","type":"page","link":"https:\/\/lenaal.com.pl\/de\/leistungsspektrum\/aludruckguss\/","title":{"rendered":"Aludruckguss"},"content":{"rendered":"<div class=\"wpb-content-wrapper\"><p>[vc_row full_width=&#8220;stretch_row_content_no_spaces&#8220; _et_uniqid=&#8220;et_custom_uniqid_new_69942a2ccdf9a&#8220; css=&#8220;.vc_custom_1771317789213{padding-top: 0px !important;background-position: center !important;background-repeat: no-repeat !important;background-size: cover !important;}&#8220;][vc_column _et_uniqid=&#8220;et_custom_uniqid_new_699429ad10ddc&#8220; css=&#8220;.vc_custom_1771317661670{padding-top: 0px !important;}&#8220;][vc_raw_html css=&#8220;&#8220;]PGRpdiBjbGFzcz0idmlkZW8tYnJlYWRjcnVtYnMtd3JhcHBlciI+PHZpZGVvIGNsYXNzPSJ2aWRlbyIgYXV0b3BsYXk9IiIgbG9vcD0iIiBtdXRlZD0iIiBwbGF5c2lubGluZT0iIj4KICAgICAgICA8c291cmNlIHNyYz0iaHR0cHM6Ly9sZW5hYWwuY29kZTRpdC5wbC93cC1jb250ZW50L3VwbG9hZHMvMjAyNi8wMy9vZGxld2FuaWUubXA0Ij4KICAgIDwvc291cmNlPjwvdmlkZW8+PC9kaXY+[\/vc_raw_html][\/vc_column][\/vc_row][vc_row][vc_column][vc_column_text css=&#8220;&#8220;]Unser Maschinenpark umfasst derziet 14 echtzeitgeregelte Horizontal-Kaltkammer-Druckgusszellen mit Schlie\u00dfkr\u00e4ften von 400 bis 1400 t. Vollautomatisierte Gie\u00dfzellen, ausgestattet mit Dosier\u00f6fen, Spr\u00fch- und Entnahmerobotern, sowie einem integriertem Entgratvorgang stehen f\u00fcr eine kostenoptimierte Fertigung. Durch den Einsatz von Vakuumtechnik wird Gie\u00dfprozess zus\u00e4tzlich unterst\u00fctzt.<\/p>\n<p>Die Gewichte von Aluminiumgussteilen reichen von 0,040 kg bis 7,0 kg.<\/p>\n<p><strong>Vorteile des Aluminiumdruckgusses:<\/strong><\/p>\n<ul>\n<li>geringes Gewicht bei hoher Stabilit\u00e4t<\/li>\n<li>guten mechanischen Eigenschaften<\/li>\n<li>hohe Ma\u00dfgenauigkeit<\/li>\n<li>sehr gute Oberfl\u00e4chenqualit\u00e4t<\/li>\n<li>Recycelbarkeit<\/li>\n<\/ul>\n<p>[\/vc_column_text][\/vc_column][\/vc_row]<\/p>\n<\/div>","protected":false},"excerpt":{"rendered":"<p>[vc_row full_width=&#8220;stretch_row_content_no_spaces&#8220; _et_uniqid=&#8220;et_custom_uniqid_new_69942a2ccdf9a&#8220; css=&#8220;.vc_custom_1771317789213{padding-top: 0px !important;background-position: center !important;background-repeat: no-repeat !important;background-size: cover !important;}&#8220;][vc_column _et_uniqid=&#8220;et_custom_uniqid_new_699429ad10ddc&#8220; css=&#8220;.vc_custom_1771317661670{padding-top: 0px !important;}&#8220;][vc_raw_html css=&#8220;&#8220;]PGRpdiBjbGFzcz0idmlkZW8tYnJlYWRjcnVtYnMtd3JhcHBlciI+PHZpZGVvIGNsYXNzPSJ2aWRlbyIgYXV0b3BsYXk9IiIgbG9vcD0iIiBtdXRlZD0iIiBwbGF5c2lubGluZT0iIj4KICAgICAgICA8c291cmNlIHNyYz0iaHR0cHM6Ly9sZW5hYWwuY29kZTRpdC5wbC93cC1jb250ZW50L3VwbG9hZHMvMjAyNi8wMy9vZGxld2FuaWUubXA0Ij4KICAgIDwvc291cmNlPjwvdmlkZW8+PC9kaXY+[\/vc_raw_html][\/vc_column][\/vc_row][vc_row][vc_column][vc_column_text&#8230;<\/p>\n","protected":false},"author":1,"featured_media":0,"parent":6227,"menu_order":0,"comment_status":"closed","ping_status":"closed","template":"","meta":{"footnotes":""},"class_list":["post-6247","page","type-page","status-publish","hentry"],"_links":{"self":[{"href":"https:\/\/lenaal.com.pl\/de\/wp-json\/wp\/v2\/pages\/6247","targetHints":{"allow":["GET"]}}],"collection":[{"href":"https:\/\/lenaal.com.pl\/de\/wp-json\/wp\/v2\/pages"}],"about":[{"href":"https:\/\/lenaal.com.pl\/de\/wp-json\/wp\/v2\/types\/page"}],"author":[{"embeddable":true,"href":"https:\/\/lenaal.com.pl\/de\/wp-json\/wp\/v2\/users\/1"}],"replies":[{"embeddable":true,"href":"https:\/\/lenaal.com.pl\/de\/wp-json\/wp\/v2\/comments?post=6247"}],"version-history":[{"count":3,"href":"https:\/\/lenaal.com.pl\/de\/wp-json\/wp\/v2\/pages\/6247\/revisions"}],"predecessor-version":[{"id":6528,"href":"https:\/\/lenaal.com.pl\/de\/wp-json\/wp\/v2\/pages\/6247\/revisions\/6528"}],"up":[{"embeddable":true,"href":"https:\/\/lenaal.com.pl\/de\/wp-json\/wp\/v2\/pages\/6227"}],"wp:attachment":[{"href":"https:\/\/lenaal.com.pl\/de\/wp-json\/wp\/v2\/media?parent=6247"}],"curies":[{"name":"wp","href":"https:\/\/api.w.org\/{rel}","templated":true}]}}