{"id":6243,"date":"2025-08-05T09:53:05","date_gmt":"2025-08-05T07:53:05","guid":{"rendered":"https:\/\/lenaal.com.pl\/leistungsspektrum\/endfertigung-und-montage\/"},"modified":"2026-04-15T08:25:05","modified_gmt":"2026-04-15T06:25:05","slug":"endfertigung-und-montage","status":"publish","type":"page","link":"https:\/\/lenaal.com.pl\/de\/leistungsspektrum\/endfertigung-und-montage\/","title":{"rendered":"Endfertigung und Montage"},"content":{"rendered":"<div class=\"wpb-content-wrapper\"><p>[vc_row full_width=&#8220;stretch_row_content_no_spaces&#8220; _et_uniqid=&#8220;et_custom_uniqid_new_69ae7940e301a&#8220; min_height=&#8220;22.5rem&#8220; css=&#8220;.vc_custom_1773041993325{background-image: url(https:\/\/lenaal.com.pl\/wp-content\/uploads\/2026\/03\/2-9-montaz.webp?id=5871) !important;background-position: center !important;background-repeat: no-repeat !important;background-size: cover !important;}&#8220;][vc_column _et_uniqid=&#8220;et_custom_uniqid_new_6943e1cf66e5d&#8220;][\/vc_column][\/vc_row][vc_row][vc_column][vc_column_text css=&#8220;&#8220;]Abh\u00e4ngig von der Oberfl\u00e4chenbeschaffenheit und den mechanischen Anforderungen Ihres Gusses k\u00f6nnen wir eine Vielzahl von Bearbeitungsverfahren anbieten.<\/p>\n<p>In unserem Haus verf\u00fcgbare Prozesse umfassen:<\/p>\n<p>\u2013 Strahltechnik<br \/>\n\u2013 Gleitschleiftechnik<br \/>\n\u2013 Robotergest\u00fctztes Schleifen und Polieren<br \/>\n\u2013 W\u00e4rmebehandlung<br \/>\n\u2013 Dichtcheitspr\u00fcfung<br \/>\n\u2013 Montage<\/p>\n<p>In Zusammenarbeit mit unseren Partnerunternehmen k\u00f6nnen wir au\u00dferdem anbieten:<\/p>\n<p>\u2013 Pulverbeschichtung<br \/>\n\u2013 Nasslackierung<br \/>\n\u2013 Galvanotechnik<br \/>\n\u2013 KTL[\/vc_column_text][\/vc_column][\/vc_row]<\/p>\n<\/div>","protected":false},"excerpt":{"rendered":"<p>[vc_row full_width=&#8220;stretch_row_content_no_spaces&#8220; _et_uniqid=&#8220;et_custom_uniqid_new_69ae7940e301a&#8220; min_height=&#8220;22.5rem&#8220; css=&#8220;.vc_custom_1773041993325{background-image: url(https:\/\/lenaal.com.pl\/wp-content\/uploads\/2026\/03\/2-9-montaz.webp?id=5871) !important;background-position: center !important;background-repeat: no-repeat !important;background-size: cover !important;}&#8220;][vc_column _et_uniqid=&#8220;et_custom_uniqid_new_6943e1cf66e5d&#8220;][\/vc_column][\/vc_row][vc_row][vc_column][vc_column_text css=&#8220;&#8220;]Abh\u00e4ngig von der&#8230;<\/p>\n","protected":false},"author":1,"featured_media":0,"parent":6227,"menu_order":0,"comment_status":"closed","ping_status":"closed","template":"","meta":{"footnotes":""},"class_list":["post-6243","page","type-page","status-publish","hentry"],"_links":{"self":[{"href":"https:\/\/lenaal.com.pl\/de\/wp-json\/wp\/v2\/pages\/6243","targetHints":{"allow":["GET"]}}],"collection":[{"href":"https:\/\/lenaal.com.pl\/de\/wp-json\/wp\/v2\/pages"}],"about":[{"href":"https:\/\/lenaal.com.pl\/de\/wp-json\/wp\/v2\/types\/page"}],"author":[{"embeddable":true,"href":"https:\/\/lenaal.com.pl\/de\/wp-json\/wp\/v2\/users\/1"}],"replies":[{"embeddable":true,"href":"https:\/\/lenaal.com.pl\/de\/wp-json\/wp\/v2\/comments?post=6243"}],"version-history":[{"count":4,"href":"https:\/\/lenaal.com.pl\/de\/wp-json\/wp\/v2\/pages\/6243\/revisions"}],"predecessor-version":[{"id":6764,"href":"https:\/\/lenaal.com.pl\/de\/wp-json\/wp\/v2\/pages\/6243\/revisions\/6764"}],"up":[{"embeddable":true,"href":"https:\/\/lenaal.com.pl\/de\/wp-json\/wp\/v2\/pages\/6227"}],"wp:attachment":[{"href":"https:\/\/lenaal.com.pl\/de\/wp-json\/wp\/v2\/media?parent=6243"}],"curies":[{"name":"wp","href":"https:\/\/api.w.org\/{rel}","templated":true}]}}