{"id":6236,"date":"2025-08-05T09:52:01","date_gmt":"2025-08-05T07:52:01","guid":{"rendered":"https:\/\/lenaal.com.pl\/leistungsspektrum\/mechanische-bearbeitung-und-technische-sauberkeit\/"},"modified":"2026-03-24T12:14:47","modified_gmt":"2026-03-24T11:14:47","slug":"mechanische-bearbeitung-und-technische-sauberkeit","status":"publish","type":"page","link":"https:\/\/lenaal.com.pl\/de\/leistungsspektrum\/mechanische-bearbeitung-und-technische-sauberkeit\/","title":{"rendered":"Mechanische Bearbeitung und Technische Sauberkeit"},"content":{"rendered":"<div class=\"wpb-content-wrapper\"><p>[vc_row full_width=&#8220;stretch_row_content_no_spaces&#8220; _et_uniqid=&#8220;et_custom_uniqid_new_69942a2ccdf9a&#8220; css=&#8220;.vc_custom_1771317789213{padding-top: 0px !important;background-position: center !important;background-repeat: no-repeat !important;background-size: cover !important;}&#8220;][vc_column _et_uniqid=&#8220;et_custom_uniqid_new_699429ad10ddc&#8220; css=&#8220;.vc_custom_1771317661670{padding-top: 0px !important;}&#8220;][vc_raw_html css=&#8220;&#8220;]PGRpdiBjbGFzcz0idmlkZW8tYnJlYWRjcnVtYnMtd3JhcHBlciI+PHZpZGVvIGNsYXNzPSJ2aWRlbyIgYXV0b3BsYXk9IiIgbG9vcD0iIiBtdXRlZD0iIiBwbGF5c2lubGluZT0iIj4KICAgICAgICA8c291cmNlIHNyYz0iaHR0cHM6Ly9sZW5hYWwuY29kZTRpdC5wbC93cC1jb250ZW50L3VwbG9hZHMvMjAyNi8wMy9jbmMubXA0Ij4KICAgIDwvc291cmNlPjwvdmlkZW8+PC9kaXY+[\/vc_raw_html][\/vc_column][\/vc_row][vc_row][vc_column][vc_column_text css=&#8220;&#8220;]<\/p>\n<p><strong>Mechanische Bearbeitung<\/strong><\/p>\n<p>Stetige Investitionen in unserem Maschinenpark und die Beherrschung aller Fertigungsphasen erm\u00f6glichen eine Herstellung genau nach der Vorgaben und Erfordernissen unserer Kunden.<br \/>\nIn unserer Bearbeitungsabteilung verwenden wir zur Zeit dreiundzwanzig modernen 4-Achsen CNC Bearbeitungszentren, inklusiv Zwei- und Vierspindelzentren (insgesamt 50 Spindeln).<\/p>\n<p><strong>Technische Sauberkeit<\/strong><\/p>\n<p>Technische Sauberkeit wird ein immer wichtiger Faktor in den Bauteilen und Anlagen, die in der Automobil- und Elektronikindustrie verwendet werden.<br \/>\nUm unser Angebot an die Anforderungen unserer Kunden anzupassen, haben wir erste automatische Ultraschall-Waschanlage im Jahre 2017 in LENAAL in Betrieb gesetzt. Gegenw\u00e4rtig verf\u00fcgen wir schon \u00fcber f\u00fcnf Waschanlagen.[\/vc_column_text][\/vc_column][\/vc_row]<\/p>\n<\/div>","protected":false},"excerpt":{"rendered":"<p>[vc_row full_width=&#8220;stretch_row_content_no_spaces&#8220; _et_uniqid=&#8220;et_custom_uniqid_new_69942a2ccdf9a&#8220; css=&#8220;.vc_custom_1771317789213{padding-top: 0px !important;background-position: center !important;background-repeat: no-repeat !important;background-size: cover !important;}&#8220;][vc_column _et_uniqid=&#8220;et_custom_uniqid_new_699429ad10ddc&#8220; css=&#8220;.vc_custom_1771317661670{padding-top: 0px !important;}&#8220;][vc_raw_html css=&#8220;&#8220;]PGRpdiBjbGFzcz0idmlkZW8tYnJlYWRjcnVtYnMtd3JhcHBlciI+PHZpZGVvIGNsYXNzPSJ2aWRlbyIgYXV0b3BsYXk9IiIgbG9vcD0iIiBtdXRlZD0iIiBwbGF5c2lubGluZT0iIj4KICAgICAgICA8c291cmNlIHNyYz0iaHR0cHM6Ly9sZW5hYWwuY29kZTRpdC5wbC93cC1jb250ZW50L3VwbG9hZHMvMjAyNi8wMy9jbmMubXA0Ij4KICAgIDwvc291cmNlPjwvdmlkZW8+PC9kaXY+[\/vc_raw_html][\/vc_column][\/vc_row][vc_row][vc_column][vc_column_text&#8230;<\/p>\n","protected":false},"author":1,"featured_media":0,"parent":6227,"menu_order":0,"comment_status":"closed","ping_status":"closed","template":"","meta":{"footnotes":""},"class_list":["post-6236","page","type-page","status-publish","hentry"],"_links":{"self":[{"href":"https:\/\/lenaal.com.pl\/de\/wp-json\/wp\/v2\/pages\/6236","targetHints":{"allow":["GET"]}}],"collection":[{"href":"https:\/\/lenaal.com.pl\/de\/wp-json\/wp\/v2\/pages"}],"about":[{"href":"https:\/\/lenaal.com.pl\/de\/wp-json\/wp\/v2\/types\/page"}],"author":[{"embeddable":true,"href":"https:\/\/lenaal.com.pl\/de\/wp-json\/wp\/v2\/users\/1"}],"replies":[{"embeddable":true,"href":"https:\/\/lenaal.com.pl\/de\/wp-json\/wp\/v2\/comments?post=6236"}],"version-history":[{"count":8,"href":"https:\/\/lenaal.com.pl\/de\/wp-json\/wp\/v2\/pages\/6236\/revisions"}],"predecessor-version":[{"id":6533,"href":"https:\/\/lenaal.com.pl\/de\/wp-json\/wp\/v2\/pages\/6236\/revisions\/6533"}],"up":[{"embeddable":true,"href":"https:\/\/lenaal.com.pl\/de\/wp-json\/wp\/v2\/pages\/6227"}],"wp:attachment":[{"href":"https:\/\/lenaal.com.pl\/de\/wp-json\/wp\/v2\/media?parent=6236"}],"curies":[{"name":"wp","href":"https:\/\/api.w.org\/{rel}","templated":true}]}}