{"id":6230,"date":"2025-08-05T09:52:25","date_gmt":"2025-08-05T07:52:25","guid":{"rendered":"https:\/\/lenaal.com.pl\/leistungsspektrum\/waermebehandlung\/"},"modified":"2026-04-03T09:21:31","modified_gmt":"2026-04-03T07:21:31","slug":"waermebehandlung","status":"publish","type":"page","link":"https:\/\/lenaal.com.pl\/de\/leistungsspektrum\/waermebehandlung\/","title":{"rendered":"W\u00e4rmebehandlung"},"content":{"rendered":"<div class=\"wpb-content-wrapper\"><p>[vc_row full_width=&#8220;stretch_row_content_no_spaces&#8220; _et_uniqid=&#8220;et_custom_uniqid_new_69ae790b046bf&#8220; min_height=&#8220;22.5rem&#8220; css=&#8220;.vc_custom_1773041942151{background-image: url(https:\/\/lenaal.com.pl\/wp-content\/uploads\/2026\/03\/2-7-Obrobka-cieplna.webp?id=5869) !important;background-position: center !important;background-repeat: no-repeat !important;background-size: cover !important;}&#8220;][vc_column _et_uniqid=&#8220;et_custom_uniqid_new_6943e1cf66e5d&#8220;][\/vc_column][\/vc_row][vc_row][vc_column][vc_column_text css=&#8220;&#8220;]Wir betreiben eine halbautomatische W\u00e4rmebehandlungsanlage, die f\u00fcr die Durchf\u00fchrung der Prozesse T5 und T6 ausgelegt ist und eine pr\u00e4zise Steuerung sowie Optimierung der mechanischen Eigenschaften von Gussteilen erm\u00f6glicht. Diese Prozesse verbessern zentrale Eigenschaften wie H\u00e4rte, Zugfestigkeit und Dehnung und gew\u00e4hrleisten eine gleichbleibend hohe Qualit\u00e4t und Leistungsf\u00e4higkeit der Endkomponenten.<\/p>\n<p>Der W\u00e4rmebehandlungsprozess wird in \u00dcbereinstimmung mit den Anforderungen des Standards AIAG CQI-9 durchgef\u00fchrt, und stellt eine vollst\u00e4ndige Kontrolle der Prozessparameter sowie eine hohe Wiederholbarkeit der Ergebnisse sicher.<br \/>\nWir verf\u00fcgen au\u00dferdem \u00fcber ein eigenes Pr\u00fcflabor, in dem wir mechanische Eigenschaften mithilfe moderner Pr\u00fcfger\u00e4te messen, beispielsweise mit einer Universelle Festigkeitspr\u00fcfmaschine mit einem Videoextensometer und einem H\u00e4rtepr\u00fcfger\u00e4t.[\/vc_column_text][\/vc_column][\/vc_row]<\/p>\n<\/div>","protected":false},"excerpt":{"rendered":"<p>[vc_row full_width=&#8220;stretch_row_content_no_spaces&#8220; _et_uniqid=&#8220;et_custom_uniqid_new_69ae790b046bf&#8220; min_height=&#8220;22.5rem&#8220; css=&#8220;.vc_custom_1773041942151{background-image: url(https:\/\/lenaal.com.pl\/wp-content\/uploads\/2026\/03\/2-7-Obrobka-cieplna.webp?id=5869) !important;background-position: center !important;background-repeat: no-repeat !important;background-size: cover !important;}&#8220;][vc_column _et_uniqid=&#8220;et_custom_uniqid_new_6943e1cf66e5d&#8220;][\/vc_column][\/vc_row][vc_row][vc_column][vc_column_text css=&#8220;&#8220;]Wir betreiben eine&#8230;<\/p>\n","protected":false},"author":1,"featured_media":0,"parent":6227,"menu_order":0,"comment_status":"closed","ping_status":"closed","template":"","meta":{"footnotes":""},"class_list":["post-6230","page","type-page","status-publish","hentry"],"_links":{"self":[{"href":"https:\/\/lenaal.com.pl\/de\/wp-json\/wp\/v2\/pages\/6230","targetHints":{"allow":["GET"]}}],"collection":[{"href":"https:\/\/lenaal.com.pl\/de\/wp-json\/wp\/v2\/pages"}],"about":[{"href":"https:\/\/lenaal.com.pl\/de\/wp-json\/wp\/v2\/types\/page"}],"author":[{"embeddable":true,"href":"https:\/\/lenaal.com.pl\/de\/wp-json\/wp\/v2\/users\/1"}],"replies":[{"embeddable":true,"href":"https:\/\/lenaal.com.pl\/de\/wp-json\/wp\/v2\/comments?post=6230"}],"version-history":[{"count":7,"href":"https:\/\/lenaal.com.pl\/de\/wp-json\/wp\/v2\/pages\/6230\/revisions"}],"predecessor-version":[{"id":6696,"href":"https:\/\/lenaal.com.pl\/de\/wp-json\/wp\/v2\/pages\/6230\/revisions\/6696"}],"up":[{"embeddable":true,"href":"https:\/\/lenaal.com.pl\/de\/wp-json\/wp\/v2\/pages\/6227"}],"wp:attachment":[{"href":"https:\/\/lenaal.com.pl\/de\/wp-json\/wp\/v2\/media?parent=6230"}],"curies":[{"name":"wp","href":"https:\/\/api.w.org\/{rel}","templated":true}]}}