{"id":6213,"date":"2025-08-05T09:43:17","date_gmt":"2025-08-05T07:43:17","guid":{"rendered":"https:\/\/lenaal.com.pl\/ueber-uns\/know-how\/"},"modified":"2026-03-31T08:26:03","modified_gmt":"2026-03-31T06:26:03","slug":"know-how","status":"publish","type":"page","link":"https:\/\/lenaal.com.pl\/de\/ueber-uns\/know-how\/","title":{"rendered":"Know-how"},"content":{"rendered":"<div class=\"wpb-content-wrapper\"><p>[vc_row full_width=&#8220;stretch_row_content_no_spaces&#8220; _et_uniqid=&#8220;et_custom_uniqid_new_69aaaaa6168c5&#8243; min_height=&#8220;22.5rem&#8220; css=&#8220;.vc_custom_1772792499598{background-image: url(https:\/\/lenaal.com.pl\/wp-content\/uploads\/2026\/03\/1-6-know-how2.webp?id=5865) !important;background-position: center !important;background-repeat: no-repeat !important;background-size: cover !important;}&#8220;][vc_column _et_uniqid=&#8220;et_custom_uniqid_new_6943e1cf66e5d&#8220;][\/vc_column][\/vc_row][vc_row][vc_column][vc_column_text css=&#8220;&#8220;]<strong>Warum Druckguss<\/strong><\/p>\n<p>Wenn Sie nach der wirtschaftlichsten und effizientesten Technologie suchen, um d\u00fcnnwandige Bauteile aus Leichtmetalllegierungen mit komplexen Geometrien und engen Toleranzen in gro\u00dfen St\u00fcckzahlen herzustellen, ist das Hochdruck-Druckgussverfahren die L\u00f6sung.<\/p>\n<p>Zu den Vorteilen des Hochdruck-Druckgie\u00dfens z\u00e4hlen unter anderem:<\/p>\n<ul>\n<li>hohe Ma\u00dfhaltigkeit<\/li>\n<li>hohe Oberfl\u00e4chenqualit\u00e4t<\/li>\n<li>reduzierter Bedarf an Nachbearbeitung<\/li>\n<li>hohe Produktivit\u00e4t<\/li>\n<li>lange Standzeit der Werkzeuge<\/li>\n<li>niedrige St\u00fcckkosten<\/li>\n<\/ul>\n<p>Aufgrund der vergleichsweise hohen Werkzeugkosten wird die Entscheidung f\u00fcr das Hochdruck-Druckgie\u00dfen als bevorzugtes Fertigungsverfahren in der Regel durch den Bedarf an hohen St\u00fcckzahlen bestimmt.<\/p>\n<p>Unten finden Sie eine Tabelle, die einen Vergleich der Gie\u00dfverfahren darstellt, einschlie\u00dflich des von uns angebotenen Verfahrens \u2013 dem Hochdruck-Druckgie\u00dfen.[\/vc_column_text]<a href=\"https:\/\/lenaal.com.pl\/wp-content\/uploads\/2026\/03\/Vergleich-der-Giessverfahren-1.pdf\" target=\"_blank\" title=\"\"  data-id=\"mpc_button-5769e9df7bb0e87\" class=\"mpc-button mpc-init mpc-transition initial\" ><div class=\"mpc-button__content mpc-effect-type--none mpc-effect-side--none\"><span class=\"mpc-button__title mpc-transition\">Vergleich der Gie\u00dfverfahren<\/span><\/div><div class=\"mpc-button__background mpc-transition mpc-effect-type--fade mpc-effect-side--in\"><\/div><\/a>[\/vc_column][\/vc_row]<\/p>\n<\/div>","protected":false},"excerpt":{"rendered":"<p>[vc_row full_width=&#8220;stretch_row_content_no_spaces&#8220; _et_uniqid=&#8220;et_custom_uniqid_new_69aaaaa6168c5&#8243; min_height=&#8220;22.5rem&#8220; css=&#8220;.vc_custom_1772792499598{background-image: url(https:\/\/lenaal.com.pl\/wp-content\/uploads\/2026\/03\/1-6-know-how2.webp?id=5865) !important;background-position: center !important;background-repeat: no-repeat !important;background-size: cover !important;}&#8220;][vc_column _et_uniqid=&#8220;et_custom_uniqid_new_6943e1cf66e5d&#8220;][\/vc_column][\/vc_row][vc_row][vc_column][vc_column_text css=&#8220;&#8220;]Warum Druckguss Wenn&#8230;<\/p>\n","protected":false},"author":1,"featured_media":0,"parent":6170,"menu_order":0,"comment_status":"closed","ping_status":"closed","template":"","meta":{"footnotes":""},"class_list":["post-6213","page","type-page","status-publish","hentry"],"_links":{"self":[{"href":"https:\/\/lenaal.com.pl\/de\/wp-json\/wp\/v2\/pages\/6213","targetHints":{"allow":["GET"]}}],"collection":[{"href":"https:\/\/lenaal.com.pl\/de\/wp-json\/wp\/v2\/pages"}],"about":[{"href":"https:\/\/lenaal.com.pl\/de\/wp-json\/wp\/v2\/types\/page"}],"author":[{"embeddable":true,"href":"https:\/\/lenaal.com.pl\/de\/wp-json\/wp\/v2\/users\/1"}],"replies":[{"embeddable":true,"href":"https:\/\/lenaal.com.pl\/de\/wp-json\/wp\/v2\/comments?post=6213"}],"version-history":[{"count":7,"href":"https:\/\/lenaal.com.pl\/de\/wp-json\/wp\/v2\/pages\/6213\/revisions"}],"predecessor-version":[{"id":6517,"href":"https:\/\/lenaal.com.pl\/de\/wp-json\/wp\/v2\/pages\/6213\/revisions\/6517"}],"up":[{"embeddable":true,"href":"https:\/\/lenaal.com.pl\/de\/wp-json\/wp\/v2\/pages\/6170"}],"wp:attachment":[{"href":"https:\/\/lenaal.com.pl\/de\/wp-json\/wp\/v2\/media?parent=6213"}],"curies":[{"name":"wp","href":"https:\/\/api.w.org\/{rel}","templated":true}]}}