{"id":6209,"date":"2025-08-05T09:44:00","date_gmt":"2025-08-05T07:44:00","guid":{"rendered":"https:\/\/lenaal.com.pl\/ueber-uns\/qualitaet\/"},"modified":"2026-04-03T09:12:04","modified_gmt":"2026-04-03T07:12:04","slug":"qualitaet","status":"publish","type":"page","link":"https:\/\/lenaal.com.pl\/de\/ueber-uns\/qualitaet\/","title":{"rendered":"Qualit\u00e4t"},"content":{"rendered":"<div class=\"wpb-content-wrapper\"><p>[vc_row full_width=&#8220;stretch_row_content_no_spaces&#8220; _et_uniqid=&#8220;et_custom_uniqid_new_69942a2ccdf9a&#8220; css=&#8220;.vc_custom_1771317789213{padding-top: 0px !important;background-position: center !important;background-repeat: no-repeat !important;background-size: cover !important;}&#8220;][vc_column _et_uniqid=&#8220;et_custom_uniqid_new_699429ad10ddc&#8220; css=&#8220;.vc_custom_1771317661670{padding-top: 0px !important;}&#8220;][vc_raw_html css=&#8220;&#8220;]PGRpdiBjbGFzcz0idmlkZW8tYnJlYWRjcnVtYnMtd3JhcHBlciI+PHZpZGVvIGNsYXNzPSJ2aWRlbyIgYXV0b3BsYXk9IiIgbG9vcD0iIiBtdXRlZD0iIiBwbGF5c2lubGluZT0iIj4KICAgICAgICA8c291cmNlIHNyYz0iaHR0cHM6Ly9sZW5hYWwuY29kZTRpdC5wbC93cC1jb250ZW50L3VwbG9hZHMvMjAyNi8wMy9qYWtvc2MubXA0Ij4KICAgIDwvc291cmNlPjwvdmlkZW8+PC9kaXY+[\/vc_raw_html][\/vc_column][\/vc_row][vc_row][vc_column][vc_column_text css=&#8220;&#8220;]Bei allen von uns durchgef\u00fchrten Prozessen steht die Qualit\u00e4t auf der ersten Stelle. Unsere Lieferanten erf\u00fcllen h\u00f6chste Standards. Mit dauerhaftem Monitoring der Fertigungsprozesse sichern wir, da\u00df die von uns hergestellten Elemente den Anspr\u00fcchen unserer Kunden entsprechen.<\/p>\n<p>Die Firma hat das Qualit\u00e4tsmanagementsystem nach IATF 16949:2016 und ISO 9001:2015 sowie Umweltmanagementsystem nach ISO 14001:2015 eingef\u00fchrt.<\/p>\n<p>Prozesse der Qualit\u00e4tskontrolle werden von unserem Labor unterst\u00fctzt, das u.a. mit folgenden Einrichtungen ausgestattet ist:<\/p>\n<ul>\n<li>industrieller R\u00f6ntgensystem mit Computertomografie (CT) YXLON MU2000-D,<\/li>\n<li>Spektralanalyse-Ger\u00e4t \u2013 Spectromaxx,<\/li>\n<li>3D Koordinatenmessmaschinen ZEISS Contura G3 12\/18\/10,<\/li>\n<li>3D Koordinatenmessmaschinen ZEISS Contura 9\/12\/8 ,<\/li>\n<li>3D Scanner Zeiss T-SCAN CS+3D<\/li>\n<li>3D Scanner Zeiss Comet 5M 3D<\/li>\n<li>Rauhigkeitsmessger\u00e4t MIUTOYO SURFTEST SJ-210<\/li>\n<li>Universelle Festigkeitspr\u00fcfmaschine Hegewald &amp; Peschke mit 50 kN Kraft<\/li>\n<li>Video-Extensometer zur Dehnungsmessung.<\/li>\n<li>H\u00e4rtepr\u00fcfger\u00e4t INNOVATEST VERZUS 750U.<\/li>\n<\/ul>\n<p>[\/vc_column_text][\/vc_column][\/vc_row]<\/p>\n<\/div>","protected":false},"excerpt":{"rendered":"<p>[vc_row full_width=&#8220;stretch_row_content_no_spaces&#8220; _et_uniqid=&#8220;et_custom_uniqid_new_69942a2ccdf9a&#8220; css=&#8220;.vc_custom_1771317789213{padding-top: 0px !important;background-position: center !important;background-repeat: no-repeat !important;background-size: cover !important;}&#8220;][vc_column _et_uniqid=&#8220;et_custom_uniqid_new_699429ad10ddc&#8220; css=&#8220;.vc_custom_1771317661670{padding-top: 0px !important;}&#8220;][vc_raw_html css=&#8220;&#8220;]PGRpdiBjbGFzcz0idmlkZW8tYnJlYWRjcnVtYnMtd3JhcHBlciI+PHZpZGVvIGNsYXNzPSJ2aWRlbyIgYXV0b3BsYXk9IiIgbG9vcD0iIiBtdXRlZD0iIiBwbGF5c2lubGluZT0iIj4KICAgICAgICA8c291cmNlIHNyYz0iaHR0cHM6Ly9sZW5hYWwuY29kZTRpdC5wbC93cC1jb250ZW50L3VwbG9hZHMvMjAyNi8wMy9qYWtvc2MubXA0Ij4KICAgIDwvc291cmNlPjwvdmlkZW8+PC9kaXY+[\/vc_raw_html][\/vc_column][\/vc_row][vc_row][vc_column][vc_column_text&#8230;<\/p>\n","protected":false},"author":1,"featured_media":0,"parent":6170,"menu_order":0,"comment_status":"closed","ping_status":"closed","template":"","meta":{"footnotes":""},"class_list":["post-6209","page","type-page","status-publish","hentry"],"_links":{"self":[{"href":"https:\/\/lenaal.com.pl\/de\/wp-json\/wp\/v2\/pages\/6209","targetHints":{"allow":["GET"]}}],"collection":[{"href":"https:\/\/lenaal.com.pl\/de\/wp-json\/wp\/v2\/pages"}],"about":[{"href":"https:\/\/lenaal.com.pl\/de\/wp-json\/wp\/v2\/types\/page"}],"author":[{"embeddable":true,"href":"https:\/\/lenaal.com.pl\/de\/wp-json\/wp\/v2\/users\/1"}],"replies":[{"embeddable":true,"href":"https:\/\/lenaal.com.pl\/de\/wp-json\/wp\/v2\/comments?post=6209"}],"version-history":[{"count":5,"href":"https:\/\/lenaal.com.pl\/de\/wp-json\/wp\/v2\/pages\/6209\/revisions"}],"predecessor-version":[{"id":6692,"href":"https:\/\/lenaal.com.pl\/de\/wp-json\/wp\/v2\/pages\/6209\/revisions\/6692"}],"up":[{"embeddable":true,"href":"https:\/\/lenaal.com.pl\/de\/wp-json\/wp\/v2\/pages\/6170"}],"wp:attachment":[{"href":"https:\/\/lenaal.com.pl\/de\/wp-json\/wp\/v2\/media?parent=6209"}],"curies":[{"name":"wp","href":"https:\/\/api.w.org\/{rel}","templated":true}]}}