{"id":6205,"date":"2025-08-05T09:44:16","date_gmt":"2025-08-05T07:44:16","guid":{"rendered":"https:\/\/lenaal.com.pl\/ueber-uns\/srodowisko\/"},"modified":"2026-03-24T09:50:51","modified_gmt":"2026-03-24T08:50:51","slug":"umwelt","status":"publish","type":"page","link":"https:\/\/lenaal.com.pl\/de\/ueber-uns\/umwelt\/","title":{"rendered":"Umwelt"},"content":{"rendered":"<div class=\"wpb-content-wrapper\"><p>[vc_row full_width=&#8220;stretch_row_content_no_spaces&#8220; _et_uniqid=&#8220;et_custom_uniqid_new_69ae78718b6f6&#8243; min_height=&#8220;22.5rem&#8220; css=&#8220;.vc_custom_1773041779166{background-image: url(https:\/\/lenaal.com.pl\/wp-content\/uploads\/2025\/12\/baner_srodowisko.jpg?id=5741) !important;background-position: center !important;background-repeat: no-repeat !important;background-size: cover !important;}&#8220;][vc_column _et_uniqid=&#8220;et_custom_uniqid_new_6943e1cf66e5d&#8220;][\/vc_column][\/vc_row][vc_row][vc_column][vc_column_text css=&#8220;&#8220;]<\/p>\n<p>Der Erfolg unserer Firma zeigt, dass die \u00d6kologie und die \u00d6konomie in einem Produktionsunternehmen keine sich gegenseitig ausschlie\u00dfenden Bereiche sein m\u00fcssen und das wird vom positiven Feedback unseres fortw\u00e4hrend wachsenden Kundenstammes best\u00e4tigt.<\/p>\n<p>Als ein Unternehmen mit hohem Energiebedarf wollen wir einen aktiven Beitrag zum Schutz der Umwelt leisten. Das machen wir durch die Planung von unseren Maschinen und Produktionsprozessen m\u00f6glichst effizient und ressourcenschonend, konsequentes Recycling der Produktionsabf\u00e4lle, und Einf\u00fchrung, wo m\u00f6glich, der umweltfreundlichen Mehrwegverpackungen.<\/p>\n<p>Die Anforderungen der Norm f\u00fcr Umweltmanagementsysteme nach ISO14001 wurden bereits im Jahr 2006 in unserem Werk erf\u00fcllt.[\/vc_column_text][\/vc_column][\/vc_row]<\/p>\n<\/div>","protected":false},"excerpt":{"rendered":"<p>[vc_row full_width=&#8220;stretch_row_content_no_spaces&#8220; _et_uniqid=&#8220;et_custom_uniqid_new_69ae78718b6f6&#8243; min_height=&#8220;22.5rem&#8220; css=&#8220;.vc_custom_1773041779166{background-image: url(https:\/\/lenaal.com.pl\/wp-content\/uploads\/2025\/12\/baner_srodowisko.jpg?id=5741) !important;background-position: center !important;background-repeat: no-repeat !important;background-size: cover !important;}&#8220;][vc_column _et_uniqid=&#8220;et_custom_uniqid_new_6943e1cf66e5d&#8220;][\/vc_column][\/vc_row][vc_row][vc_column][vc_column_text css=&#8220;&#8220;] Der Erfolg&#8230;<\/p>\n","protected":false},"author":1,"featured_media":0,"parent":6170,"menu_order":0,"comment_status":"closed","ping_status":"closed","template":"","meta":{"footnotes":""},"class_list":["post-6205","page","type-page","status-publish","hentry"],"_links":{"self":[{"href":"https:\/\/lenaal.com.pl\/de\/wp-json\/wp\/v2\/pages\/6205","targetHints":{"allow":["GET"]}}],"collection":[{"href":"https:\/\/lenaal.com.pl\/de\/wp-json\/wp\/v2\/pages"}],"about":[{"href":"https:\/\/lenaal.com.pl\/de\/wp-json\/wp\/v2\/types\/page"}],"author":[{"embeddable":true,"href":"https:\/\/lenaal.com.pl\/de\/wp-json\/wp\/v2\/users\/1"}],"replies":[{"embeddable":true,"href":"https:\/\/lenaal.com.pl\/de\/wp-json\/wp\/v2\/comments?post=6205"}],"version-history":[{"count":7,"href":"https:\/\/lenaal.com.pl\/de\/wp-json\/wp\/v2\/pages\/6205\/revisions"}],"predecessor-version":[{"id":6520,"href":"https:\/\/lenaal.com.pl\/de\/wp-json\/wp\/v2\/pages\/6205\/revisions\/6520"}],"up":[{"embeddable":true,"href":"https:\/\/lenaal.com.pl\/de\/wp-json\/wp\/v2\/pages\/6170"}],"wp:attachment":[{"href":"https:\/\/lenaal.com.pl\/de\/wp-json\/wp\/v2\/media?parent=6205"}],"curies":[{"name":"wp","href":"https:\/\/api.w.org\/{rel}","templated":true}]}}