{"id":6197,"date":"2025-08-05T09:41:16","date_gmt":"2025-08-05T07:41:16","guid":{"rendered":"https:\/\/lenaal.com.pl\/ueber-uns\/geschichte\/"},"modified":"2026-03-25T09:46:15","modified_gmt":"2026-03-25T08:46:15","slug":"geschichte","status":"publish","type":"page","link":"https:\/\/lenaal.com.pl\/de\/ueber-uns\/geschichte\/","title":{"rendered":"Unsere Geschichte"},"content":{"rendered":"<div class=\"wpb-content-wrapper\"><p>[vc_row full_width=&#8220;stretch_row_content_no_spaces&#8220; _et_uniqid=&#8220;et_custom_uniqid_new_69ae77bdf1669&#8243; min_height=&#8220;22.5rem&#8220; css=&#8220;.vc_custom_1773041606873{background-image: url(https:\/\/lenaal.com.pl\/wp-content\/uploads\/2026\/03\/1-2-Historia-1.jpg?id=5874) !important;background-position: center !important;background-repeat: no-repeat !important;background-size: cover !important;}&#8220;][vc_column _et_uniqid=&#8220;et_custom_uniqid_new_6943e1cf66e5d&#8220;][\/vc_column][\/vc_row][vc_row _et_uniqid=&#8220;et_custom_uniqid_new_692ee1293741a&#8220;][vc_column]\t\t\t<div class=\"swiper-entry et-custom-carousel\">\n\n\t\t\t\t<div class=\"swiper-container swiper-history slider-with-space slider-1147\" data-breakpoints=\"1\" data-centeredSlides=\"1\" data-xs-slides=\"1\" data-sm-slides=\"2\" data-md-slides=\"2\" data-lt-slides=\"3\" data-slides-per-view=\"3\" data-autoplay=\"\" data-slides-per-group=\"1\" data-speed=\"300\" data-space=\"30\">\n\n\t\t\t\t\t<div class=\"swiper-wrapper\">\n\t\t\t\t\t\t<div class=\"swiper-slide\">        <link rel=\"stylesheet\" href=\"https:\/\/lenaal.com.pl\/wp-content\/themes\/xstore\/css\/modules\/banners\/banner.min.css?ver=1.0\" type=\"text\/css\" media=\"all\" \/> \t\t        <link rel=\"stylesheet\" href=\"https:\/\/lenaal.com.pl\/wp-content\/themes\/xstore\/css\/modules\/banners\/banners-global.min.css?ver=1.0\" type=\"text\/css\" media=\"all\" \/> \t\t        <div id=\"banner-9331\" class=\"banner  banner-type-2 et_image-with-hover et_image-hover-2 text-left responsive-fonts valign-top font-style-dark\" >\n\n\t\t\t\n\t\t\t\t                <div class=\"banner-content \">\n\n\t\t\t\t\t<h2 style=\"color: #235ADC;font-family:Poppins;font-weight:700;font-style:normal\" class=\"vc_custom_heading vc_do_custom_heading banner-subtitle\" >1989<\/h2><h2 style=\"font-family:Poppins;font-weight:700;font-style:normal\" class=\"vc_custom_heading vc_do_custom_heading banner-title\" >Unternehmensgr\u00fcndung<\/h2>                    <div class=\"content-inner\">\n\n\t\t\t\t\t\tAufnahme der Gesch\u00e4ftst\u00e4tigkeit\n                    <\/div>\n\t\t\t\t\t        <\/div>\n\n\t\t        <\/div>\n\n\t\t<\/div><div class=\"swiper-slide\">        <link rel=\"stylesheet\" href=\"https:\/\/lenaal.com.pl\/wp-content\/themes\/xstore\/css\/modules\/banners\/banner.min.css?ver=1.0\" type=\"text\/css\" media=\"all\" \/> \t\t        <link rel=\"stylesheet\" href=\"https:\/\/lenaal.com.pl\/wp-content\/themes\/xstore\/css\/modules\/banners\/banners-global.min.css?ver=1.0\" type=\"text\/css\" media=\"all\" \/> \t\t        <div id=\"banner-4915\" class=\"banner  banner-type-2 et_image-with-hover et_image-hover-2 text-left responsive-fonts valign-top font-style-dark\" >\n\n\t\t\t\n\t\t\t\t                <div class=\"banner-content \">\n\n\t\t\t\t\t<h2 style=\"color: #235ADC;font-family:Poppins;font-weight:700;font-style:normal\" class=\"vc_custom_heading vc_do_custom_heading banner-subtitle\" >1993<\/h2><h2 style=\"font-family:Poppins;font-weight:700;font-style:normal\" class=\"vc_custom_heading vc_do_custom_heading banner-title\" >Zweiter Standort er\u00f6ffnet<\/h2>                    <div class=\"content-inner\">\n\n\t\t\t\t\t\tErweiterung der Produktionsfl\u00e4che durch Anmietung einer zus\u00e4tzlichen Halle\n                    <\/div>\n\t\t\t\t\t        <\/div>\n\n\t\t        <\/div>\n\n\t\t<\/div><div class=\"swiper-slide\">        <link rel=\"stylesheet\" href=\"https:\/\/lenaal.com.pl\/wp-content\/themes\/xstore\/css\/modules\/banners\/banner.min.css?ver=1.0\" type=\"text\/css\" media=\"all\" \/> \t\t        <link rel=\"stylesheet\" href=\"https:\/\/lenaal.com.pl\/wp-content\/themes\/xstore\/css\/modules\/banners\/banners-global.min.css?ver=1.0\" type=\"text\/css\" media=\"all\" \/> \t\t        <div id=\"banner-7856\" class=\"banner  banner-type-2 et_image-with-hover et_image-hover-2 text-left responsive-fonts valign-top font-style-dark\" >\n\n\t\t\t\n\t\t\t\t                <div class=\"banner-content \">\n\n\t\t\t\t\t<h2 style=\"color: #235ADC;font-family:Poppins;font-weight:700;font-style:normal\" class=\"vc_custom_heading vc_do_custom_heading banner-subtitle\" >2005<\/h2><h2 style=\"font-family:Poppins;font-weight:700;font-style:normal\" class=\"vc_custom_heading vc_do_custom_heading banner-title\" >Kauf von Grundst\u00fcck f\u00fcr neuen Gie\u00dfereibau<\/h2>                    <div class=\"content-inner\">\n\n\t\t\t\t\t\tEntscheidung zum Erwerb von Grundst\u00fcck f\u00fcr Investitionen\n                    <\/div>\n\t\t\t\t\t        <\/div>\n\n\t\t        <\/div>\n\n\t\t<\/div><div class=\"swiper-slide\">        <link rel=\"stylesheet\" href=\"https:\/\/lenaal.com.pl\/wp-content\/themes\/xstore\/css\/modules\/banners\/banner.min.css?ver=1.0\" type=\"text\/css\" media=\"all\" \/> \t\t        <link rel=\"stylesheet\" href=\"https:\/\/lenaal.com.pl\/wp-content\/themes\/xstore\/css\/modules\/banners\/banners-global.min.css?ver=1.0\" type=\"text\/css\" media=\"all\" \/> \t\t        <div id=\"banner-6234\" class=\"banner  banner-type-2 et_image-with-hover et_image-hover-2 text-left responsive-fonts valign-top font-style-dark\" >\n\n\t\t\t\n\t\t\t\t                <div class=\"banner-content \">\n\n\t\t\t\t\t<h2 style=\"color: #235ADC;font-family:Poppins;font-weight:700;font-style:normal\" class=\"vc_custom_heading vc_do_custom_heading banner-subtitle\" >2006<\/h2><h2 style=\"font-family:Poppins;font-weight:700;font-style:normal\" class=\"vc_custom_heading vc_do_custom_heading banner-title\" >Produktionsstart am neuen Standort<\/h2>                    <div class=\"content-inner\">\n\n\t\t\t\t\t\tVerlagerung der gesamten Produktion auf den aktuellen Standort in neu gebauten Hallen mit einer Fl\u00e4che von 3.500 m\u00b2\n                    <\/div>\n\t\t\t\t\t        <\/div>\n\n\t\t        <\/div>\n\n\t\t<\/div><div class=\"swiper-slide\">        <link rel=\"stylesheet\" href=\"https:\/\/lenaal.com.pl\/wp-content\/themes\/xstore\/css\/modules\/banners\/banner.min.css?ver=1.0\" type=\"text\/css\" media=\"all\" \/> \t\t        <link rel=\"stylesheet\" href=\"https:\/\/lenaal.com.pl\/wp-content\/themes\/xstore\/css\/modules\/banners\/banners-global.min.css?ver=1.0\" type=\"text\/css\" media=\"all\" \/> \t\t        <div id=\"banner-6591\" class=\"banner  banner-type-2 et_image-with-hover et_image-hover-2 text-left responsive-fonts valign-top font-style-dark\" >\n\n\t\t\t\n\t\t\t\t                <div class=\"banner-content \">\n\n\t\t\t\t\t<h2 style=\"color: #235ADC;font-family:Poppins;font-weight:700;font-style:normal\" class=\"vc_custom_heading vc_do_custom_heading banner-subtitle\" >2006<\/h2><h2 style=\"font-family:Poppins;font-weight:700;font-style:normal\" class=\"vc_custom_heading vc_do_custom_heading banner-title\" >ISO 9001 &amp; ISO 14001 Zertifizierung<\/h2>                    <div class=\"content-inner\">\n\n\t\t\t\t\t\tErreichen der Qualit\u00e4tsmanagement-Zertifizierung nach ISO 9001 und Umweltmanagement nach ISO 14001\n                    <\/div>\n\t\t\t\t\t        <\/div>\n\n\t\t        <\/div>\n\n\t\t<\/div><div class=\"swiper-slide\">        <link rel=\"stylesheet\" href=\"https:\/\/lenaal.com.pl\/wp-content\/themes\/xstore\/css\/modules\/banners\/banner.min.css?ver=1.0\" type=\"text\/css\" media=\"all\" \/> \t\t        <link rel=\"stylesheet\" href=\"https:\/\/lenaal.com.pl\/wp-content\/themes\/xstore\/css\/modules\/banners\/banners-global.min.css?ver=1.0\" type=\"text\/css\" media=\"all\" \/> \t\t        <div id=\"banner-5928\" class=\"banner  banner-type-2 et_image-with-hover et_image-hover-2 text-left responsive-fonts valign-top font-style-dark\" >\n\n\t\t\t\n\t\t\t\t                <div class=\"banner-content \">\n\n\t\t\t\t\t<h2 style=\"color: #235ADC;font-family:Poppins;font-weight:700;font-style:normal\" class=\"vc_custom_heading vc_do_custom_heading banner-subtitle\" >2007<\/h2><h2 style=\"font-family:Poppins;font-weight:700;font-style:normal\" class=\"vc_custom_heading vc_do_custom_heading banner-title\" >Erste vollautomatische Gie\u00dfzelle<\/h2>                    <div class=\"content-inner\">\n\n\t\t\t\t\t\tKauf und Installation der ersten vollautomatischen Kaltkammer-Gie\u00dfzelle mit einer 660-Tonnen-Klemmkraft-Maschine von B\u00dcHLER\n                    <\/div>\n\t\t\t\t\t        <\/div>\n\n\t\t        <\/div>\n\n\t\t<\/div><div class=\"swiper-slide\">        <link rel=\"stylesheet\" href=\"https:\/\/lenaal.com.pl\/wp-content\/themes\/xstore\/css\/modules\/banners\/banner.min.css?ver=1.0\" type=\"text\/css\" media=\"all\" \/> \t\t        <link rel=\"stylesheet\" href=\"https:\/\/lenaal.com.pl\/wp-content\/themes\/xstore\/css\/modules\/banners\/banners-global.min.css?ver=1.0\" type=\"text\/css\" media=\"all\" \/> \t\t        <div id=\"banner-7459\" class=\"banner  banner-type-2 et_image-with-hover et_image-hover-2 text-left responsive-fonts valign-top font-style-dark\" >\n\n\t\t\t\n\t\t\t\t                <div class=\"banner-content \">\n\n\t\t\t\t\t<h2 style=\"color: #235ADC;font-family:Poppins;font-weight:700;font-style:normal\" class=\"vc_custom_heading vc_do_custom_heading banner-subtitle\" >2008<\/h2><h2 style=\"font-family:Poppins;font-weight:700;font-style:normal\" class=\"vc_custom_heading vc_do_custom_heading banner-title\" >Erstes Projekt f\u00fcr einen Automobilkunden<\/h2>                    <div class=\"content-inner\">\n\n\t\t\t\t\t\tErnennung zur Herstellung von Aluminiumkomponenten f\u00fcr das Fenster-Montagesystem f\u00fcr MAGNA Closures\n                    <\/div>\n\t\t\t\t\t        <\/div>\n\n\t\t        <\/div>\n\n\t\t<\/div><div class=\"swiper-slide\">        <link rel=\"stylesheet\" href=\"https:\/\/lenaal.com.pl\/wp-content\/themes\/xstore\/css\/modules\/banners\/banner.min.css?ver=1.0\" type=\"text\/css\" media=\"all\" \/> \t\t        <link rel=\"stylesheet\" href=\"https:\/\/lenaal.com.pl\/wp-content\/themes\/xstore\/css\/modules\/banners\/banners-global.min.css?ver=1.0\" type=\"text\/css\" media=\"all\" \/> \t\t        <div id=\"banner-8610\" class=\"banner  banner-type-2 et_image-with-hover et_image-hover-2 text-left responsive-fonts valign-top font-style-dark\" >\n\n\t\t\t\n\t\t\t\t                <div class=\"banner-content \">\n\n\t\t\t\t\t<h2 style=\"color: #235ADC;font-family:Poppins;font-weight:700;font-style:normal\" class=\"vc_custom_heading vc_do_custom_heading banner-subtitle\" >2012<\/h2><h2 style=\"font-family:Poppins;font-weight:700;font-style:normal\" class=\"vc_custom_heading vc_do_custom_heading banner-title\" >Kauf von R\u00f6ntgeninspektionsmaschine und W\u00e4rmebehandlungslinie<\/h2>                    <div class=\"content-inner\">\n\n\t\t\t\t\t\tAnschaffung einer R\u00f6ntgeninspektionsmaschine mit 3D-Tomographiesystem YXLON MU-2000-D und T5-, T6-, T7-W\u00e4rmebehandlungsanlagen f\u00fcr ein neues Automobilkundenprojekt\n                    <\/div>\n\t\t\t\t\t        <\/div>\n\n\t\t        <\/div>\n\n\t\t<\/div><div class=\"swiper-slide\">        <link rel=\"stylesheet\" href=\"https:\/\/lenaal.com.pl\/wp-content\/themes\/xstore\/css\/modules\/banners\/banner.min.css?ver=1.0\" type=\"text\/css\" media=\"all\" \/> \t\t        <link rel=\"stylesheet\" href=\"https:\/\/lenaal.com.pl\/wp-content\/themes\/xstore\/css\/modules\/banners\/banners-global.min.css?ver=1.0\" type=\"text\/css\" media=\"all\" \/> \t\t        <div id=\"banner-9835\" class=\"banner  banner-type-2 et_image-with-hover et_image-hover-2 text-left responsive-fonts valign-top font-style-dark\" >\n\n\t\t\t\n\t\t\t\t                <div class=\"banner-content \">\n\n\t\t\t\t\t<h2 style=\"color: #235ADC;font-family:Poppins;font-weight:700;font-style:normal\" class=\"vc_custom_heading vc_do_custom_heading banner-subtitle\" >2013<\/h2><h2 style=\"font-family:Poppins;font-weight:700;font-style:normal\" class=\"vc_custom_heading vc_do_custom_heading banner-title\" >Erste CNC-Bearbeitungsmaschine<\/h2>                    <div class=\"content-inner\">\n\n\t\t\t\t\t\tBeginn der CNC-Bearbeitung mit neu erworbenem 4-Achsen-2-Maschinen-Setup von BROTHER\n                    <\/div>\n\t\t\t\t\t        <\/div>\n\n\t\t        <\/div>\n\n\t\t<\/div><div class=\"swiper-slide\">        <link rel=\"stylesheet\" href=\"https:\/\/lenaal.com.pl\/wp-content\/themes\/xstore\/css\/modules\/banners\/banner.min.css?ver=1.0\" type=\"text\/css\" media=\"all\" \/> \t\t        <link rel=\"stylesheet\" href=\"https:\/\/lenaal.com.pl\/wp-content\/themes\/xstore\/css\/modules\/banners\/banners-global.min.css?ver=1.0\" type=\"text\/css\" media=\"all\" \/> \t\t        <div id=\"banner-1236\" class=\"banner  banner-type-2 et_image-with-hover et_image-hover-2 text-left responsive-fonts valign-top font-style-dark\" >\n\n\t\t\t\n\t\t\t\t                <div class=\"banner-content \">\n\n\t\t\t\t\t<h2 style=\"color: #235ADC;font-family:Poppins;font-weight:700;font-style:normal\" class=\"vc_custom_heading vc_do_custom_heading banner-subtitle\" >2015<\/h2><h2 style=\"font-family:Poppins;font-weight:700;font-style:normal\" class=\"vc_custom_heading vc_do_custom_heading banner-title\" >Unternehmenserweiterung<\/h2>                    <div class=\"content-inner\">\n\n\t\t\t\t\t\tBau einer 2.500 m\u00b2 Produktionshalle f\u00fcr einen zentralen Schmelzraum f\u00fcr Gusslegierungen und eine CNC-Bearbeitungsabteilung f\u00fcr Automobilprojekte\n                    <\/div>\n\t\t\t\t\t        <\/div>\n\n\t\t        <\/div>\n\n\t\t<\/div><div class=\"swiper-slide\">        <link rel=\"stylesheet\" href=\"https:\/\/lenaal.com.pl\/wp-content\/themes\/xstore\/css\/modules\/banners\/banner.min.css?ver=1.0\" type=\"text\/css\" media=\"all\" \/> \t\t        <link rel=\"stylesheet\" href=\"https:\/\/lenaal.com.pl\/wp-content\/themes\/xstore\/css\/modules\/banners\/banners-global.min.css?ver=1.0\" type=\"text\/css\" media=\"all\" \/> \t\t        <div id=\"banner-9360\" class=\"banner  banner-type-2 et_image-with-hover et_image-hover-2 text-left responsive-fonts valign-top font-style-dark\" >\n\n\t\t\t\n\t\t\t\t                <div class=\"banner-content \">\n\n\t\t\t\t\t<h2 style=\"color: #235ADC;font-family:Poppins;font-weight:700;font-style:normal\" class=\"vc_custom_heading vc_do_custom_heading banner-subtitle\" >2016<\/h2><h2 style=\"font-family:Poppins;font-weight:700;font-style:normal\" class=\"vc_custom_heading vc_do_custom_heading banner-title\" >ISO TS 16949 Zertifizierung<\/h2>                    <div class=\"content-inner\">\n\n\t\t\t\t\t\tErhalt der Zertifizierung des Qualit\u00e4tsmanagementsystems nach ISO TS 16949\n                    <\/div>\n\t\t\t\t\t        <\/div>\n\n\t\t        <\/div>\n\n\t\t<\/div><div class=\"swiper-slide\">        <link rel=\"stylesheet\" href=\"https:\/\/lenaal.com.pl\/wp-content\/themes\/xstore\/css\/modules\/banners\/banner.min.css?ver=1.0\" type=\"text\/css\" media=\"all\" \/> \t\t        <link rel=\"stylesheet\" href=\"https:\/\/lenaal.com.pl\/wp-content\/themes\/xstore\/css\/modules\/banners\/banners-global.min.css?ver=1.0\" type=\"text\/css\" media=\"all\" \/> \t\t        <div id=\"banner-6812\" class=\"banner  banner-type-2 et_image-with-hover et_image-hover-2 text-left responsive-fonts valign-top font-style-dark\" >\n\n\t\t\t\n\t\t\t\t                <div class=\"banner-content \">\n\n\t\t\t\t\t<h2 style=\"color: #235ADC;font-family:Poppins;font-weight:700;font-style:normal\" class=\"vc_custom_heading vc_do_custom_heading banner-subtitle\" >2018<\/h2><h2 style=\"font-family:Poppins;font-weight:700;font-style:normal\" class=\"vc_custom_heading vc_do_custom_heading banner-title\" >Erstes E-Mobilit\u00e4tsprojekt<\/h2>                    <div class=\"content-inner\">\n\n\t\t\t\t\t\tErnennung zur Produktion eines Aluminium-Radiatorgeh\u00e4uses f\u00fcr einen DC\/DC 24V-Wandler f\u00fcr Hybridfahrzeuge\n                    <\/div>\n\t\t\t\t\t        <\/div>\n\n\t\t        <\/div>\n\n\t\t<\/div><div class=\"swiper-slide\">        <link rel=\"stylesheet\" href=\"https:\/\/lenaal.com.pl\/wp-content\/themes\/xstore\/css\/modules\/banners\/banner.min.css?ver=1.0\" type=\"text\/css\" media=\"all\" \/> \t\t        <link rel=\"stylesheet\" href=\"https:\/\/lenaal.com.pl\/wp-content\/themes\/xstore\/css\/modules\/banners\/banners-global.min.css?ver=1.0\" type=\"text\/css\" media=\"all\" \/> \t\t        <div id=\"banner-3496\" class=\"banner  banner-type-2 et_image-with-hover et_image-hover-2 text-left responsive-fonts valign-top font-style-dark\" >\n\n\t\t\t\n\t\t\t\t                <div class=\"banner-content \">\n\n\t\t\t\t\t<h2 style=\"color: #235ADC;font-family:Poppins;font-weight:700;font-style:normal\" class=\"vc_custom_heading vc_do_custom_heading banner-subtitle\" >2019<\/h2><h2 style=\"font-family:Poppins;font-weight:700;font-style:normal\" class=\"vc_custom_heading vc_do_custom_heading banner-title\" >Erste Mehrspindel-CNC-Maschine<\/h2>                    <div class=\"content-inner\">\n\n\t\t\t\t\t\tKauf und Installation eines 2-Spindel-4-Achsen-CNC-Bearbeitungszentrums\n                    <\/div>\n\t\t\t\t\t        <\/div>\n\n\t\t        <\/div>\n\n\t\t<\/div><div class=\"swiper-slide\">        <link rel=\"stylesheet\" href=\"https:\/\/lenaal.com.pl\/wp-content\/themes\/xstore\/css\/modules\/banners\/banner.min.css?ver=1.0\" type=\"text\/css\" media=\"all\" \/> \t\t        <link rel=\"stylesheet\" href=\"https:\/\/lenaal.com.pl\/wp-content\/themes\/xstore\/css\/modules\/banners\/banners-global.min.css?ver=1.0\" type=\"text\/css\" media=\"all\" \/> \t\t        <div id=\"banner-3738\" class=\"banner  banner-type-2 et_image-with-hover et_image-hover-2 text-left responsive-fonts valign-top font-style-dark\" >\n\n\t\t\t\n\t\t\t\t                <div class=\"banner-content \">\n\n\t\t\t\t\t<h2 style=\"color: #235ADC;font-family:Poppins;font-weight:700;font-style:normal\" class=\"vc_custom_heading vc_do_custom_heading banner-subtitle\" >2020<\/h2><h2 style=\"font-family:Poppins;font-weight:700;font-style:normal\" class=\"vc_custom_heading vc_do_custom_heading banner-title\" >Erste Vier-Spindel-CNC-Maschine<\/h2>                    <div class=\"content-inner\">\n\n\t\t\t\t\t\tKauf und Installation der ersten 4-Spindel-4-Achsen-CNC-Bearbeitungszelle\n                    <\/div>\n\t\t\t\t\t        <\/div>\n\n\t\t        <\/div>\n\n\t\t<\/div><div class=\"swiper-slide\">        <link rel=\"stylesheet\" href=\"https:\/\/lenaal.com.pl\/wp-content\/themes\/xstore\/css\/modules\/banners\/banner.min.css?ver=1.0\" type=\"text\/css\" media=\"all\" \/> \t\t        <link rel=\"stylesheet\" href=\"https:\/\/lenaal.com.pl\/wp-content\/themes\/xstore\/css\/modules\/banners\/banners-global.min.css?ver=1.0\" type=\"text\/css\" media=\"all\" \/> \t\t        <div id=\"banner-6040\" class=\"banner  banner-type-2 et_image-with-hover et_image-hover-2 text-left responsive-fonts valign-top font-style-dark\" >\n\n\t\t\t\n\t\t\t\t                <div class=\"banner-content \">\n\n\t\t\t\t\t<h2 style=\"color: #235ADC;font-family:Poppins;font-weight:700;font-style:normal\" class=\"vc_custom_heading vc_do_custom_heading banner-subtitle\" >2020<\/h2><h2 style=\"font-family:Poppins;font-weight:700;font-style:normal\" class=\"vc_custom_heading vc_do_custom_heading banner-title\" >Kauf angrenzender Grundst\u00fccke f\u00fcr neue Hallen<\/h2>                    <div class=\"content-inner\">\n\n\t\t\t\t\t\tErwerb von 13.000 m\u00b2 Nachbargrundst\u00fcck f\u00fcr den Bau neuer Produktionshallen\n                    <\/div>\n\t\t\t\t\t        <\/div>\n\n\t\t        <\/div>\n\n\t\t<\/div><div class=\"swiper-slide\">        <link rel=\"stylesheet\" href=\"https:\/\/lenaal.com.pl\/wp-content\/themes\/xstore\/css\/modules\/banners\/banner.min.css?ver=1.0\" type=\"text\/css\" media=\"all\" \/> \t\t        <link rel=\"stylesheet\" href=\"https:\/\/lenaal.com.pl\/wp-content\/themes\/xstore\/css\/modules\/banners\/banners-global.min.css?ver=1.0\" type=\"text\/css\" media=\"all\" \/> \t\t        <div id=\"banner-6805\" class=\"banner  banner-type-2 et_image-with-hover et_image-hover-2 text-left responsive-fonts valign-top font-style-dark\" >\n\n\t\t\t\n\t\t\t\t                <div class=\"banner-content \">\n\n\t\t\t\t\t<h2 style=\"color: #235ADC;font-family:Poppins;font-weight:700;font-style:normal\" class=\"vc_custom_heading vc_do_custom_heading banner-subtitle\" >2021<\/h2><h2 style=\"font-family:Poppins;font-weight:700;font-style:normal\" class=\"vc_custom_heading vc_do_custom_heading banner-title\" >Weitere Unternehmenserweiterung<\/h2>                    <div class=\"content-inner\">\n\n\t\t\t\t\t\tBau von Produktions- und Lagerhallen mit einer Gesamtfl\u00e4che von 4.500 m\u00b2\n                    <\/div>\n\t\t\t\t\t        <\/div>\n\n\t\t        <\/div>\n\n\t\t<\/div><div class=\"swiper-slide\">        <link rel=\"stylesheet\" href=\"https:\/\/lenaal.com.pl\/wp-content\/themes\/xstore\/css\/modules\/banners\/banner.min.css?ver=1.0\" type=\"text\/css\" media=\"all\" \/> \t\t        <link rel=\"stylesheet\" href=\"https:\/\/lenaal.com.pl\/wp-content\/themes\/xstore\/css\/modules\/banners\/banners-global.min.css?ver=1.0\" type=\"text\/css\" media=\"all\" \/> \t\t        <div id=\"banner-2089\" class=\"banner  banner-type-2 et_image-with-hover et_image-hover-2 text-left responsive-fonts valign-top font-style-dark\" >\n\n\t\t\t\n\t\t\t\t                <div class=\"banner-content \">\n\n\t\t\t\t\t<h2 style=\"color: #235ADC;font-family:Poppins;font-weight:700;font-style:normal\" class=\"vc_custom_heading vc_do_custom_heading banner-subtitle\" >2023<\/h2><h2 style=\"font-family:Poppins;font-weight:700;font-style:normal\" class=\"vc_custom_heading vc_do_custom_heading banner-title\" >Bau einer Werkzeugwartungswerkstatt<\/h2>                    <div class=\"content-inner\">\n\n\t\t\t\t\t\tBau einer neuen Formenwartungswerkstatt und eines Formenlagers mit einer Gesamtfl\u00e4che von 410 m\u00b2\n                    <\/div>\n\t\t\t\t\t        <\/div>\n\n\t\t        <\/div>\n\n\t\t<\/div>\t\t\t\t\t<\/div>\n\n\t\t\t\t\t\n\t\t\t\t<\/div>\n\n\t\t\t\t\n\t\t\t\t\t<div class=\"swiper-custom-left\"><\/div>\n\t\t\t\t\t<div class=\"swiper-custom-right\"><\/div>\n\n\t\t\t\t\t\t\t<\/div>\n\t\t\n\t\t[\/vc_column][\/vc_row]<\/p>\n<\/div>","protected":false},"excerpt":{"rendered":"<p>[vc_row full_width=&#8220;stretch_row_content_no_spaces&#8220; _et_uniqid=&#8220;et_custom_uniqid_new_69ae77bdf1669&#8243; min_height=&#8220;22.5rem&#8220; css=&#8220;.vc_custom_1773041606873{background-image: url(https:\/\/lenaal.com.pl\/wp-content\/uploads\/2026\/03\/1-2-Historia-1.jpg?id=5874) !important;background-position: center !important;background-repeat: no-repeat !important;background-size: cover !important;}&#8220;][vc_column _et_uniqid=&#8220;et_custom_uniqid_new_6943e1cf66e5d&#8220;][\/vc_column][\/vc_row][vc_row _et_uniqid=&#8220;et_custom_uniqid_new_692ee1293741a&#8220;][vc_column][\/vc_column][\/vc_row]<\/p>\n","protected":false},"author":1,"featured_media":0,"parent":6170,"menu_order":0,"comment_status":"closed","ping_status":"closed","template":"","meta":{"footnotes":""},"class_list":["post-6197","page","type-page","status-publish","hentry"],"_links":{"self":[{"href":"https:\/\/lenaal.com.pl\/de\/wp-json\/wp\/v2\/pages\/6197","targetHints":{"allow":["GET"]}}],"collection":[{"href":"https:\/\/lenaal.com.pl\/de\/wp-json\/wp\/v2\/pages"}],"about":[{"href":"https:\/\/lenaal.com.pl\/de\/wp-json\/wp\/v2\/types\/page"}],"author":[{"embeddable":true,"href":"https:\/\/lenaal.com.pl\/de\/wp-json\/wp\/v2\/users\/1"}],"replies":[{"embeddable":true,"href":"https:\/\/lenaal.com.pl\/de\/wp-json\/wp\/v2\/comments?post=6197"}],"version-history":[{"count":9,"href":"https:\/\/lenaal.com.pl\/de\/wp-json\/wp\/v2\/pages\/6197\/revisions"}],"predecessor-version":[{"id":6585,"href":"https:\/\/lenaal.com.pl\/de\/wp-json\/wp\/v2\/pages\/6197\/revisions\/6585"}],"up":[{"embeddable":true,"href":"https:\/\/lenaal.com.pl\/de\/wp-json\/wp\/v2\/pages\/6170"}],"wp:attachment":[{"href":"https:\/\/lenaal.com.pl\/de\/wp-json\/wp\/v2\/media?parent=6197"}],"curies":[{"name":"wp","href":"https:\/\/api.w.org\/{rel}","templated":true}]}}