{"id":6164,"date":"2025-08-05T09:40:07","date_gmt":"2025-08-05T07:40:07","guid":{"rendered":"https:\/\/lenaal.com.pl\/lieferanten\/"},"modified":"2026-03-09T16:08:34","modified_gmt":"2026-03-09T15:08:34","slug":"lieferanten","status":"publish","type":"page","link":"https:\/\/lenaal.com.pl\/de\/lieferanten\/","title":{"rendered":"Lieferanten"},"content":{"rendered":"<div class=\"wpb-content-wrapper\"><p>[vc_row full_width=&#8220;stretch_row_content_no_spaces&#8220; _et_uniqid=&#8220;et_custom_uniqid_new_69ae816cf34c0&#8243; min_height=&#8220;22.5rem&#8220; css=&#8220;.vc_custom_1773044085297{background-image: url(https:\/\/lenaal.com.pl\/wp-content\/uploads\/2026\/03\/3-1-Kariera.webp?id=5872) !important;background-position: center !important;background-repeat: no-repeat !important;background-size: cover !important;}&#8220;][vc_column _et_uniqid=&#8220;et_custom_uniqid_new_6943e1cf66e5d&#8220;][\/vc_column][\/vc_row][vc_row][vc_column][vc_column_text css=&#8220;&#8220;]Lieferanten sind ein wesentlicher Bestandteil unseres Erfolgs. Deshalb bauen wir langfristige Partnerschaften auf, die auf Vertrauen, transparenter Kommunikation und dem gemeinsamen Streben nach operativer Exzellenz basieren.<br \/>\nWir arbeiten mit unseren Partnern zusammen, um Prozesse kontinuierlich zu verbessern, die Wettbewerbsf\u00e4higkeit der gesamten Lieferkette zu steigern und die h\u00f6chste Produktqualit\u00e4t sicherzustellen.<\/p>\n<p>Die Auftragsabwicklung erfolgt gem\u00e4\u00df den Anforderungen des Qualit\u00e4tsmanagementsystems IATF 16949 sowie den bei Lenaal geltenden Allgemeinen Einkaufsbedingungen. Dokumente, Richtlinien und wichtige Informationen zur Zusammenarbeit wurden in diesem Bereich f\u00fcr Lieferanten bereitgestellt.<\/p>\n<p><strong><a href=\"https:\/\/pl.logintegra.com\/#\/auth\/login?principalId=\" target=\"_blank\" rel=\"noopener\">Logistikportal<\/a><\/strong><br \/>\n\u00dcber das Portal werden unter anderem Lieferpl\u00e4ne, Bedarfsprognosen sowie weitere Informationen bereitgestellt, die f\u00fcr eine reibungslose Abwicklung der Lieferungen erforderlich sind.<\/p>\n<p><strong><a href=\"https:\/\/lenaal.logintrade.net\/rfx,index,warunki,wszystkie.html\" target=\"_blank\" rel=\"noopener\">Einkaufsplattform<\/a><\/strong><br \/>\nDie Einkaufsplattform ist ein Instrument zur Unterst\u00fctzung des Beschaffungsprozesses bei Lenaal. S[\/vc_column_text][\/vc_column][\/vc_row]<\/p>\n<\/div>","protected":false},"excerpt":{"rendered":"<p>[vc_row full_width=&#8220;stretch_row_content_no_spaces&#8220; _et_uniqid=&#8220;et_custom_uniqid_new_69ae816cf34c0&#8243; min_height=&#8220;22.5rem&#8220; css=&#8220;.vc_custom_1773044085297{background-image: url(https:\/\/lenaal.com.pl\/wp-content\/uploads\/2026\/03\/3-1-Kariera.webp?id=5872) !important;background-position: center !important;background-repeat: no-repeat !important;background-size: cover !important;}&#8220;][vc_column _et_uniqid=&#8220;et_custom_uniqid_new_6943e1cf66e5d&#8220;][\/vc_column][\/vc_row][vc_row][vc_column][vc_column_text css=&#8220;&#8220;]Lieferanten sind ein&#8230;<\/p>\n","protected":false},"author":1,"featured_media":0,"parent":0,"menu_order":0,"comment_status":"closed","ping_status":"closed","template":"","meta":{"footnotes":""},"class_list":["post-6164","page","type-page","status-publish","hentry"],"_links":{"self":[{"href":"https:\/\/lenaal.com.pl\/de\/wp-json\/wp\/v2\/pages\/6164","targetHints":{"allow":["GET"]}}],"collection":[{"href":"https:\/\/lenaal.com.pl\/de\/wp-json\/wp\/v2\/pages"}],"about":[{"href":"https:\/\/lenaal.com.pl\/de\/wp-json\/wp\/v2\/types\/page"}],"author":[{"embeddable":true,"href":"https:\/\/lenaal.com.pl\/de\/wp-json\/wp\/v2\/users\/1"}],"replies":[{"embeddable":true,"href":"https:\/\/lenaal.com.pl\/de\/wp-json\/wp\/v2\/comments?post=6164"}],"version-history":[{"count":3,"href":"https:\/\/lenaal.com.pl\/de\/wp-json\/wp\/v2\/pages\/6164\/revisions"}],"predecessor-version":[{"id":6358,"href":"https:\/\/lenaal.com.pl\/de\/wp-json\/wp\/v2\/pages\/6164\/revisions\/6358"}],"wp:attachment":[{"href":"https:\/\/lenaal.com.pl\/de\/wp-json\/wp\/v2\/media?parent=6164"}],"curies":[{"name":"wp","href":"https:\/\/api.w.org\/{rel}","templated":true}]}}